{"id":114,"date":"2011-02-21T19:40:09","date_gmt":"2011-02-21T18:40:09","guid":{"rendered":"http:\/\/www.tuseichholzremmighausen.de"},"modified":"2021-02-06T17:36:46","modified_gmt":"2021-02-06T16:36:46","slug":"louis-paulsen","status":"publish","type":"page","link":"https:\/\/www.tuseichholzremmighausen.de\/wordpress\/schach\/louis-paulsen","title":{"rendered":"Louis Paulsen"},"content":{"rendered":"<p>Louis Paulsen erblickte das Licht der Welt am 15. Januar 1833 auf dem v\u00e4terlichen Gut Nassengrund beim lippischen Blomberg. Dort verfolgte er schon im Alter von f\u00fcnf Jahren aufmerksam das Schachtraining seines Vaters Dr. phil. Johann Carl Wilhelm und seiner \u00e4lteren Br\u00fcder und Schwestern. Im Alter von zw\u00f6lf Jahren war Louis wohl der st\u00e4rkste Spieler der Region.<\/p>\n<p><a href=\"https:\/\/i0.wp.com\/localhost\/wordpress\/wp-content\/uploads\/2011\/02\/schach_paulsen_jung.jpg\"><img data-recalc-dims=\"1\" loading=\"lazy\" decoding=\"async\" class=\"size-full wp-image-774\" title=\"schach_paulsen_jung\" src=\"https:\/\/i0.wp.com\/www.tuseichholzremmighausen.de\/wordpress\/wp-content\/uploads\/2011\/02\/schach_paulsen_jung.jpg?resize=193%2C263&#038;ssl=1\" alt=\"Louis Paulsen\" width=\"193\" height=\"263\"><\/a><\/p>\n<p>Louis Paulses eigentliche Schachlaufbahn, die seinen Weltruhm begr\u00fcndete, begann im Jahre 1857 mit dem New Yorker Schachturnier. Trotz kaum vorhandener theoretischer Kenntnisse belegte er den geteilten ersten Rang, gemeinsam mit Paul Morphy, dem damals wohl st\u00e4rksten Spieler der Welt.<\/p>\n<p>Den anschlie\u00dfenden Stichkampf gewann Morphy dann klar (+1=2-5). Dies war jedoch der einzige Zweikampf, den Paulsen in seinem Leben verlor!<\/p>\n<p>Unter anderem gewann Paulsen vier Zweik\u00e4mpfe gegen den befreundeten Adolf Anderssen, der f\u00fcr die Zeit zwischen dem Abtreten des \u00dcberlegenden Paul Morphy und dem ersten offiziellen Weltmeister Wilhelm Steinitz h\u00e4ufig als inofizieller Weltmeister bezeichnet wird. Paulsens Lebensergebnis gegen Anderssen betr\u00e4gt +22=4-17.<\/p>\n<p><a href=\"https:\/\/i0.wp.com\/localhost\/wordpress\/wp-content\/uploads\/2011\/02\/schach_paulsen_morphy.jpg\"><img data-recalc-dims=\"1\" loading=\"lazy\" decoding=\"async\" class=\"size-full wp-image-771\" title=\"schach_paulsen_morphy\" src=\"https:\/\/i0.wp.com\/www.tuseichholzremmighausen.de\/wordpress\/wp-content\/uploads\/2011\/02\/schach_paulsen_morphy.jpg?resize=380%2C258\" alt=\"Paulsen - Morphy\" width=\"380\" height=\"258\"><\/a><\/p>\n<p>Paulsen schachliche Leistungen werden von der Schachgeschichtsschreibung leider zu wenig gew\u00fcrdigt. Vielleicht liegt es daran, dass Paulsen in der Zeit der &#8222;Schachromantik&#8220; sich eher der Entwicklung der Verteidigung und dem Positionsspiel zugewand hatte und keine Partien wie Anderssens &#8222;Unsterbliche&#8220; gespielt hat.<\/p>\n<p>Anschlie\u00dfend ein Zitat von Ludwig Rellstab, \u00fcber die Bedeutung Paulsen f\u00fcr die Entwicklung des Schachspiels:<\/p>\n<p><a href=\"https:\/\/i0.wp.com\/localhost\/wordpress\/wp-content\/uploads\/2011\/02\/schach_paulsen_2.jpg\"><img data-recalc-dims=\"1\" loading=\"lazy\" decoding=\"async\" class=\"size-full wp-image-773\" title=\"schach_paulsen_2\" src=\"https:\/\/i0.wp.com\/www.tuseichholzremmighausen.de\/wordpress\/wp-content\/uploads\/2011\/02\/schach_paulsen_2.jpg?resize=193%2C272\" alt=\"Louis Paulsen\" width=\"193\" height=\"272\"><\/a><\/p>\n<p>&#8222;Steinitz hat mit Worten h\u00f6chsten Lobes anerkannt, wie viel er Paulsen verdankt. Er schrieb 1890: &#8218;Anderssen und Paulsen waren meine eigentlichen Lehrer f\u00fcr eine betr\u00e4chtliche Zeit&#8216;. Bei dem gro\u00dfen Turnier London 1862 lernter er Anderssen und Kolisch pers\u00f6nlich kennen und schrieb dar\u00fcber: &#8218;Als ich sie zuerst traf, dr\u00fcckte ich mich sehr absprechend \u00fcber Paulsens Spielweise aus. Diese beiden Meister verteidigten Paulsen jedoch gegen meine allgemeine Kritik, und das brachte mich zum Nachdenken.&#8216;<\/p>\n<p>Und dann bezeichnet Steinitz Louis Paulsen als einen der hervorragendsten Pioniere der modernen Schachschule und f\u00fchrt u.a. aus: &#8218;Paulsen lenkte die Aufmerksamkeit zuerst darauf, da\u00df zwei L\u00e4ufer gegen L\u00e4ufer und Springer oder zwei Springer \u00fcberlegen sind.&#8216; &#8220;<\/p>\n<p><strong>Chessmetrics<br \/>\n<\/strong>Chessmetrics ist eine Website von Jeff Sonas, die sich mit der Berechnung von Wertungszahlen besch\u00e4ftigt. Auf Grundlage alter Turnierergebnisse ist es m\u00f6glich auch die Zeit vor der Einf\u00fchrung des ELO-Systems Ratingzahlen zu vergeben und Weltranglisten zu erstellen. Dannach war Louis Paulsen von 1863 bis 1872 die Nummer 1 der Welt, von 1873 bis 1880 immer noch die Nummer 2.<\/p>\n<p><strong>Horst Paulussen<\/strong><br \/>\nHorst Paulussen hat sich als Biograph von Louis Paulsen die Pflege der Erinnerung an und des Nachlasses von Louis Paulsen zur Aufgabe gemacht. Von ihm stammt das Buch &#8222;Louis Paulsen 1833-1891 und das Schachspiel in Lippe 1900-1981, Ein Beitrag zur Geschichte des Deutschen Schachspiels &#8220; (Detmold 1982, Herausgegeben vom Lippischen Heimatbund Detmold, Verlag Topp und M\u00f6ller) aus dem die obigen Informationen entnommen sind.<\/p>\n<p><a href=\"https:\/\/i0.wp.com\/localhost\/wordpress\/wp-content\/uploads\/2011\/02\/schach_paulsen_1.jpg\"><img data-recalc-dims=\"1\" loading=\"lazy\" decoding=\"async\" class=\"size-full wp-image-772\" title=\"schach_paulsen_1\" src=\"https:\/\/i0.wp.com\/www.tuseichholzremmighausen.de\/wordpress\/wp-content\/uploads\/2011\/02\/schach_paulsen_1.jpg?resize=193%2C226\" alt=\"Louis Paulsen\" width=\"193\" height=\"226\"><\/a><\/p>\n<p>Horst Paulussens andauerndes Engagement wird auch aus der folgenden Mitteilung der Lippischen Landesbibliothek vom 12.02.2003 deutlich:<\/p>\n<p>In diesem Jahr (2003) wird der 170. Geburtstag des lippischen Schachgro\u00dfmeisters Louis Paulsen aus Nassengrund bei Blomberg gefeiert. Aus diesem Anlass \u00fcbereignet Herr Kurdirektor a.D. Horst Paulussen seine umfangreiche Schachbibliothek mit ca. 450 B\u00e4nden der Lippischen Landesbibliothek.<\/p>\n<p>Horst Paulussen, passionierter Schachspieler und Erforscher der lippischen Schachgeschichte, hat sich bereits in der Vergangenheit um den Aufbau einer Schach-Spezialsammlung in unserem Haus verdient gemacht. Er hat 1978 die Schachbibliothek des ehemaligen Deutschen Schachmeisters August Babel, der nach dem Zweiten Weltkrieg den Schachbezirk Lippe mitbegr\u00fcndete, als Schenkung an die Landesbibliothek vermittelt. Auf seine Veranlassung hin hat im Jahr 2000 die Familie Hartmann-Paulsen Schachb\u00fccher aus dem Nachlass von Louis Paulsen und die 1857 von ihm errungene Goldmedaille als Dauerleihgabe \u00fcbergeben. Auch Teile von Paulussens Privatarchiv zur zeitgen\u00f6ssischen lippischen Schachgeschichte sind bereits hier im Haus f\u00fcr jedermann zug\u00e4nglich.<\/p>\n<p><a href=\"https:\/\/i0.wp.com\/localhost\/wordpress\/wp-content\/uploads\/2011\/02\/schach_paulsen_lange.jpg\"><img data-recalc-dims=\"1\" loading=\"lazy\" decoding=\"async\" class=\"size-full wp-image-775\" title=\"schach_paulsen_lange\" src=\"https:\/\/i0.wp.com\/www.tuseichholzremmighausen.de\/wordpress\/wp-content\/uploads\/2011\/02\/schach_paulsen_lange.jpg?resize=380%2C302\" alt=\"Louis Paulsen\" width=\"380\" height=\"302\"><\/a><\/p>\n<p>Es ist der Wunsch von Horst Paulussen, dass jeder Interessierte seine umfassende Schachbibliothek nutzen kann. Sie wird unverz\u00fcglich in den Bestand der Lippischen Landesbibliothek eingearbeitet. Die B\u00fccher werden in K\u00fcrze f\u00fcr jedermann im WWW-Katalog der Bibliothek zu finden sein.<\/p>\n","protected":false},"excerpt":{"rendered":"<p>Louis Paulsen erblickte das Licht der Welt am 15. Januar 1833 auf dem v\u00e4terlichen Gut Nassengrund beim lippischen Blomberg. Dort<\/p>\n","protected":false},"author":2,"featured_media":0,"parent":12,"menu_order":0,"comment_status":"closed","ping_status":"open","template":"","meta":{"colormag_page_container_layout":"default_layout","colormag_page_sidebar_layout":"default_layout","footnotes":""},"class_list":["post-114","page","type-page","status-publish","hentry"],"jetpack_sharing_enabled":true,"_links":{"self":[{"href":"https:\/\/www.tuseichholzremmighausen.de\/wordpress\/wp-json\/wp\/v2\/pages\/114","targetHints":{"allow":["GET"]}}],"collection":[{"href":"https:\/\/www.tuseichholzremmighausen.de\/wordpress\/wp-json\/wp\/v2\/pages"}],"about":[{"href":"https:\/\/www.tuseichholzremmighausen.de\/wordpress\/wp-json\/wp\/v2\/types\/page"}],"author":[{"embeddable":true,"href":"https:\/\/www.tuseichholzremmighausen.de\/wordpress\/wp-json\/wp\/v2\/users\/2"}],"replies":[{"embeddable":true,"href":"https:\/\/www.tuseichholzremmighausen.de\/wordpress\/wp-json\/wp\/v2\/comments?post=114"}],"version-history":[{"count":0,"href":"https:\/\/www.tuseichholzremmighausen.de\/wordpress\/wp-json\/wp\/v2\/pages\/114\/revisions"}],"up":[{"embeddable":true,"href":"https:\/\/www.tuseichholzremmighausen.de\/wordpress\/wp-json\/wp\/v2\/pages\/12"}],"wp:attachment":[{"href":"https:\/\/www.tuseichholzremmighausen.de\/wordpress\/wp-json\/wp\/v2\/media?parent=114"}],"curies":[{"name":"wp","href":"https:\/\/api.w.org\/{rel}","templated":true}]}}