{"id":130,"date":"2011-02-21T19:48:08","date_gmt":"2011-02-21T18:48:08","guid":{"rendered":"http:\/\/www.tuseichholzremmighausen.de"},"modified":"2024-07-03T12:24:46","modified_gmt":"2024-07-03T10:24:46","slug":"ehrenmitglieder","status":"publish","type":"page","link":"https:\/\/www.tuseichholzremmighausen.de\/wordpress\/ehrenmitglieder","title":{"rendered":"Ehrenmitglieder und Ehrenvorsitzende"},"content":{"rendered":"<ul>\n<li style=\"list-style-type: none;\">\n<ul>\n<li style=\"list-style-type: none;\">\n<ul>\n<li>Gerda Biere<\/li>\n<li>Christine Brand<\/li>\n<li>Hans Gillich<\/li>\n<li>G\u00fcnter Kleinschmidt<\/li>\n<li>Detlev Kriebler<\/li>\n<li>Lothar Krischik<\/li>\n<li>G\u00fcnter Mischer<\/li>\n<li>Edith St\u00f6lting<\/li>\n<li>Winfried Tkaczik<\/li>\n<li>Sieghard Wieneke<\/li>\n<li>Edith Krumme<\/li>\n<li>Christine Hausmann<\/li>\n<li>Ulrike B\u00f6hm<\/li>\n<li>Detlef Wilberg (Ehrenvorsitzender)<\/li>\n<\/ul>\n<\/li>\n<\/ul>\n<\/li>\n<\/ul>\n","protected":false},"excerpt":{"rendered":"<p>Gerda Biere Christine Brand Hans Gillich G\u00fcnter Kleinschmidt Detlev Kriebler Lothar Krischik G\u00fcnter Mischer Edith St\u00f6lting Winfried Tkaczik Sieghard Wieneke<\/p>\n","protected":false},"author":2,"featured_media":0,"parent":0,"menu_order":0,"comment_status":"closed","ping_status":"open","template":"","meta":{"colormag_page_container_layout":"default_layout","colormag_page_sidebar_layout":"default_layout","footnotes":""},"class_list":["post-130","page","type-page","status-publish","hentry"],"jetpack_sharing_enabled":true,"_links":{"self":[{"href":"https:\/\/www.tuseichholzremmighausen.de\/wordpress\/wp-json\/wp\/v2\/pages\/130","targetHints":{"allow":["GET"]}}],"collection":[{"href":"https:\/\/www.tuseichholzremmighausen.de\/wordpress\/wp-json\/wp\/v2\/pages"}],"about":[{"href":"https:\/\/www.tuseichholzremmighausen.de\/wordpress\/wp-json\/wp\/v2\/types\/page"}],"author":[{"embeddable":true,"href":"https:\/\/www.tuseichholzremmighausen.de\/wordpress\/wp-json\/wp\/v2\/users\/2"}],"replies":[{"embeddable":true,"href":"https:\/\/www.tuseichholzremmighausen.de\/wordpress\/wp-json\/wp\/v2\/comments?post=130"}],"version-history":[{"count":0,"href":"https:\/\/www.tuseichholzremmighausen.de\/wordpress\/wp-json\/wp\/v2\/pages\/130\/revisions"}],"wp:attachment":[{"href":"https:\/\/www.tuseichholzremmighausen.de\/wordpress\/wp-json\/wp\/v2\/media?parent=130"}],"curies":[{"name":"wp","href":"https:\/\/api.w.org\/{rel}","templated":true}]}}