{"id":136,"date":"2011-02-21T19:50:16","date_gmt":"2011-02-21T18:50:16","guid":{"rendered":"http:\/\/www.tuseichholzremmighausen.de"},"modified":"2025-12-16T12:20:06","modified_gmt":"2025-12-16T11:20:06","slug":"mitgliedschaft","status":"publish","type":"page","link":"https:\/\/www.tuseichholzremmighausen.de\/wordpress\/mitgliedschaft","title":{"rendered":"Mitgliedschaft und Mitgliederentwicklung"},"content":{"rendered":"<p><strong>Beitr\u00e4ge f\u00fcr Mitglieder:<\/strong><\/p>\n<ul>\n<li>F\u00f6rdermitglieder: <span style=\"color: #3366ff;\"><strong>5,00<\/strong><\/span>\u00a0\u20ac\/Monat<\/li>\n<li>Kinder\u00a0 und Jugendliche: <span style=\"color: #3366ff;\"><strong>8,00<\/strong><\/span>\u00a0\u20ac\/Monat<\/li>\n<li>Auszubildende und Studenten: <strong><span style=\"color: #3366ff;\">8,00<\/span><\/strong> \u20ac\/Monat<\/li>\n<li>Erwachsene: <span style=\"color: #3366ff;\"><strong>10,00<\/strong>\u00a0<\/span>\u20ac\/Monat<\/li>\n<li>Familien ab 3 Familienmitglieder: <span style=\"color: #3366ff;\"><strong>16,50<\/strong><\/span> \u20ac\/Monat<br \/>\n<span style=\"font-size: 14pt;\"><\/p>\n<p><\/span><\/li>\n<\/ul>\n<p><strong>Hinweis: <\/strong>In Beitragsangelegenheiten ber\u00e4t dich:<br \/>\nBeitragsangelegenheiten: <strong><\/strong> (Nicht besetzt) <br \/><br \/>\n<strong>Leistungen aus dem Bildungspaket beantragen<\/strong><\/p>\n<p>Das Bildungs- und Teilhabepaket bietet f\u00fcr den Sport die M\u00f6glichkeit, Ersatz der Kosten f\u00fcr Sportangebote f\u00fcr Kinder und Jugendliche, bis zu einem Alter von 18 Jahren, in H\u00f6he von bis zu 15\u20ac monatlich, zu \u00fcbernehmen. Das bedeutet, dass der Vereinsbeitrag vom Jobcenter oder vom Kreis Lippe \u00fcbernommen werden kann.<\/p>\n<p>Folgende Voraussetzungen m\u00fcssen daf\u00fcr erf\u00fcllt werden:<\/p>\n<ol>\n<li>Bezug von B\u00fcrgergeld oder z.B. Empf\u00e4nger von Wohngeld oder Kinderzuschlag<\/li>\n<li>Antragstellung beim Jobcenter oder beim Kreis Lippe<\/li>\n<li>Bescheinigung des TuS Eichholz Remmighausen e.V. \u00fcber die Mitgliedschaft und Teilnahme am Sport und \u00fcber den Vereinsbeitrag<\/li>\n<\/ol>\n<p><a href=\"https:\/\/www.arbeitsagentur.de\/familie-und-kinder\/informationen-zum-bildungspaket\">Weitere Informationen zu BuT<\/a><\/p>\n<p>&nbsp;<\/p>\n<p><strong>Vereinsstatistik<\/strong><\/p>\n<p><a href=\"https:\/\/i0.wp.com\/www.tuseichholzremmighausen.de\/wordpress\/wp-content\/uploads\/2021\/09\/Bildschirmfoto-2021-09-11-um-17.57.08.png?ssl=1\"><img data-recalc-dims=\"1\" loading=\"lazy\" decoding=\"async\" data-attachment-id=\"14915\" data-permalink=\"https:\/\/www.tuseichholzremmighausen.de\/wordpress\/mitgliedschaft\/bildschirmfoto-2021-09-11-um-17-57-08\" data-orig-file=\"https:\/\/i0.wp.com\/www.tuseichholzremmighausen.de\/wordpress\/wp-content\/uploads\/2021\/09\/Bildschirmfoto-2021-09-11-um-17.57.08.png?fit=2414%2C1674&amp;ssl=1\" data-orig-size=\"2414,1674\" data-comments-opened=\"0\" data-image-meta=\"{&quot;aperture&quot;:&quot;0&quot;,&quot;credit&quot;:&quot;&quot;,&quot;camera&quot;:&quot;&quot;,&quot;caption&quot;:&quot;&quot;,&quot;created_timestamp&quot;:&quot;0&quot;,&quot;copyright&quot;:&quot;&quot;,&quot;focal_length&quot;:&quot;0&quot;,&quot;iso&quot;:&quot;0&quot;,&quot;shutter_speed&quot;:&quot;0&quot;,&quot;title&quot;:&quot;&quot;,&quot;orientation&quot;:&quot;0&quot;}\" data-image-title=\"Bildschirmfoto 2021-09-11 um 17.57.08\" data-image-description=\"\" data-image-caption=\"\" data-large-file=\"https:\/\/i0.wp.com\/www.tuseichholzremmighausen.de\/wordpress\/wp-content\/uploads\/2021\/09\/Bildschirmfoto-2021-09-11-um-17.57.08.png?fit=800%2C555&amp;ssl=1\" class=\"alignnone size-large wp-image-14915\" src=\"https:\/\/i0.wp.com\/www.tuseichholzremmighausen.de\/wordpress\/wp-content\/uploads\/2021\/09\/Bildschirmfoto-2021-09-11-um-17.57.08.png?resize=800%2C555&#038;ssl=1\" alt=\"\" width=\"800\" height=\"555\" srcset=\"https:\/\/i0.wp.com\/www.tuseichholzremmighausen.de\/wordpress\/wp-content\/uploads\/2021\/09\/Bildschirmfoto-2021-09-11-um-17.57.08.png?resize=1024%2C710&amp;ssl=1 1024w, https:\/\/i0.wp.com\/www.tuseichholzremmighausen.de\/wordpress\/wp-content\/uploads\/2021\/09\/Bildschirmfoto-2021-09-11-um-17.57.08.png?resize=600%2C416&amp;ssl=1 600w, https:\/\/i0.wp.com\/www.tuseichholzremmighausen.de\/wordpress\/wp-content\/uploads\/2021\/09\/Bildschirmfoto-2021-09-11-um-17.57.08.png?resize=300%2C208&amp;ssl=1 300w, https:\/\/i0.wp.com\/www.tuseichholzremmighausen.de\/wordpress\/wp-content\/uploads\/2021\/09\/Bildschirmfoto-2021-09-11-um-17.57.08.png?resize=768%2C533&amp;ssl=1 768w, https:\/\/i0.wp.com\/www.tuseichholzremmighausen.de\/wordpress\/wp-content\/uploads\/2021\/09\/Bildschirmfoto-2021-09-11-um-17.57.08.png?resize=1536%2C1065&amp;ssl=1 1536w, https:\/\/i0.wp.com\/www.tuseichholzremmighausen.de\/wordpress\/wp-content\/uploads\/2021\/09\/Bildschirmfoto-2021-09-11-um-17.57.08.png?resize=2048%2C1420&amp;ssl=1 2048w, https:\/\/i0.wp.com\/www.tuseichholzremmighausen.de\/wordpress\/wp-content\/uploads\/2021\/09\/Bildschirmfoto-2021-09-11-um-17.57.08.png?resize=392%2C272&amp;ssl=1 392w, https:\/\/i0.wp.com\/www.tuseichholzremmighausen.de\/wordpress\/wp-content\/uploads\/2021\/09\/Bildschirmfoto-2021-09-11-um-17.57.08.png?resize=130%2C90&amp;ssl=1 130w, https:\/\/i0.wp.com\/www.tuseichholzremmighausen.de\/wordpress\/wp-content\/uploads\/2021\/09\/Bildschirmfoto-2021-09-11-um-17.57.08.png?w=1600&amp;ssl=1 1600w, https:\/\/i0.wp.com\/www.tuseichholzremmighausen.de\/wordpress\/wp-content\/uploads\/2021\/09\/Bildschirmfoto-2021-09-11-um-17.57.08.png?w=2400&amp;ssl=1 2400w\" sizes=\"auto, (max-width: 800px) 100vw, 800px\" \/><\/a><\/p>\n<p>&nbsp;<\/p>\n<p><a href=\"https:\/\/i0.wp.com\/www.tuseichholzremmighausen.de\/wordpress\/wp-content\/uploads\/2021\/09\/Bildschirmfoto-2021-09-11-um-17.56.12.png?ssl=1\"><img data-recalc-dims=\"1\" loading=\"lazy\" decoding=\"async\" data-attachment-id=\"14913\" data-permalink=\"https:\/\/www.tuseichholzremmighausen.de\/wordpress\/mitgliedschaft\/bildschirmfoto-2021-09-11-um-17-56-12\" data-orig-file=\"https:\/\/i0.wp.com\/www.tuseichholzremmighausen.de\/wordpress\/wp-content\/uploads\/2021\/09\/Bildschirmfoto-2021-09-11-um-17.56.12.png?fit=2270%2C1426&amp;ssl=1\" data-orig-size=\"2270,1426\" data-comments-opened=\"0\" data-image-meta=\"{&quot;aperture&quot;:&quot;0&quot;,&quot;credit&quot;:&quot;&quot;,&quot;camera&quot;:&quot;&quot;,&quot;caption&quot;:&quot;&quot;,&quot;created_timestamp&quot;:&quot;0&quot;,&quot;copyright&quot;:&quot;&quot;,&quot;focal_length&quot;:&quot;0&quot;,&quot;iso&quot;:&quot;0&quot;,&quot;shutter_speed&quot;:&quot;0&quot;,&quot;title&quot;:&quot;&quot;,&quot;orientation&quot;:&quot;0&quot;}\" data-image-title=\"Bildschirmfoto 2021-09-11 um 17.56.12\" data-image-description=\"\" data-image-caption=\"\" data-large-file=\"https:\/\/i0.wp.com\/www.tuseichholzremmighausen.de\/wordpress\/wp-content\/uploads\/2021\/09\/Bildschirmfoto-2021-09-11-um-17.56.12.png?fit=800%2C502&amp;ssl=1\" class=\"alignnone size-large wp-image-14913\" src=\"https:\/\/i0.wp.com\/www.tuseichholzremmighausen.de\/wordpress\/wp-content\/uploads\/2021\/09\/Bildschirmfoto-2021-09-11-um-17.56.12.png?resize=800%2C502&#038;ssl=1\" alt=\"\" width=\"800\" height=\"502\" srcset=\"https:\/\/i0.wp.com\/www.tuseichholzremmighausen.de\/wordpress\/wp-content\/uploads\/2021\/09\/Bildschirmfoto-2021-09-11-um-17.56.12.png?resize=1024%2C643&amp;ssl=1 1024w, https:\/\/i0.wp.com\/www.tuseichholzremmighausen.de\/wordpress\/wp-content\/uploads\/2021\/09\/Bildschirmfoto-2021-09-11-um-17.56.12.png?resize=600%2C377&amp;ssl=1 600w, https:\/\/i0.wp.com\/www.tuseichholzremmighausen.de\/wordpress\/wp-content\/uploads\/2021\/09\/Bildschirmfoto-2021-09-11-um-17.56.12.png?resize=300%2C188&amp;ssl=1 300w, https:\/\/i0.wp.com\/www.tuseichholzremmighausen.de\/wordpress\/wp-content\/uploads\/2021\/09\/Bildschirmfoto-2021-09-11-um-17.56.12.png?resize=768%2C482&amp;ssl=1 768w, https:\/\/i0.wp.com\/www.tuseichholzremmighausen.de\/wordpress\/wp-content\/uploads\/2021\/09\/Bildschirmfoto-2021-09-11-um-17.56.12.png?resize=1536%2C965&amp;ssl=1 1536w, https:\/\/i0.wp.com\/www.tuseichholzremmighausen.de\/wordpress\/wp-content\/uploads\/2021\/09\/Bildschirmfoto-2021-09-11-um-17.56.12.png?resize=2048%2C1287&amp;ssl=1 2048w, https:\/\/i0.wp.com\/www.tuseichholzremmighausen.de\/wordpress\/wp-content\/uploads\/2021\/09\/Bildschirmfoto-2021-09-11-um-17.56.12.png?w=1600&amp;ssl=1 1600w\" sizes=\"auto, (max-width: 800px) 100vw, 800px\" \/><\/a><\/p>\n<p>&nbsp;<\/p>\n<p><a href=\"https:\/\/i0.wp.com\/www.tuseichholzremmighausen.de\/wordpress\/wp-content\/uploads\/2021\/09\/Bildschirmfoto-2021-09-11-um-17.56.43.png?ssl=1\"><img data-recalc-dims=\"1\" loading=\"lazy\" decoding=\"async\" data-attachment-id=\"14914\" data-permalink=\"https:\/\/www.tuseichholzremmighausen.de\/wordpress\/mitgliedschaft\/bildschirmfoto-2021-09-11-um-17-56-43\" data-orig-file=\"https:\/\/i0.wp.com\/www.tuseichholzremmighausen.de\/wordpress\/wp-content\/uploads\/2021\/09\/Bildschirmfoto-2021-09-11-um-17.56.43.png?fit=2338%2C1654&amp;ssl=1\" data-orig-size=\"2338,1654\" data-comments-opened=\"0\" data-image-meta=\"{&quot;aperture&quot;:&quot;0&quot;,&quot;credit&quot;:&quot;&quot;,&quot;camera&quot;:&quot;&quot;,&quot;caption&quot;:&quot;&quot;,&quot;created_timestamp&quot;:&quot;0&quot;,&quot;copyright&quot;:&quot;&quot;,&quot;focal_length&quot;:&quot;0&quot;,&quot;iso&quot;:&quot;0&quot;,&quot;shutter_speed&quot;:&quot;0&quot;,&quot;title&quot;:&quot;&quot;,&quot;orientation&quot;:&quot;0&quot;}\" data-image-title=\"Bildschirmfoto 2021-09-11 um 17.56.43\" data-image-description=\"\" data-image-caption=\"\" data-large-file=\"https:\/\/i0.wp.com\/www.tuseichholzremmighausen.de\/wordpress\/wp-content\/uploads\/2021\/09\/Bildschirmfoto-2021-09-11-um-17.56.43.png?fit=800%2C566&amp;ssl=1\" class=\"alignnone size-large wp-image-14914\" src=\"https:\/\/i0.wp.com\/www.tuseichholzremmighausen.de\/wordpress\/wp-content\/uploads\/2021\/09\/Bildschirmfoto-2021-09-11-um-17.56.43.png?resize=800%2C566&#038;ssl=1\" alt=\"\" width=\"800\" height=\"566\" srcset=\"https:\/\/i0.wp.com\/www.tuseichholzremmighausen.de\/wordpress\/wp-content\/uploads\/2021\/09\/Bildschirmfoto-2021-09-11-um-17.56.43.png?resize=1024%2C724&amp;ssl=1 1024w, https:\/\/i0.wp.com\/www.tuseichholzremmighausen.de\/wordpress\/wp-content\/uploads\/2021\/09\/Bildschirmfoto-2021-09-11-um-17.56.43.png?resize=600%2C424&amp;ssl=1 600w, https:\/\/i0.wp.com\/www.tuseichholzremmighausen.de\/wordpress\/wp-content\/uploads\/2021\/09\/Bildschirmfoto-2021-09-11-um-17.56.43.png?resize=300%2C212&amp;ssl=1 300w, https:\/\/i0.wp.com\/www.tuseichholzremmighausen.de\/wordpress\/wp-content\/uploads\/2021\/09\/Bildschirmfoto-2021-09-11-um-17.56.43.png?resize=768%2C543&amp;ssl=1 768w, https:\/\/i0.wp.com\/www.tuseichholzremmighausen.de\/wordpress\/wp-content\/uploads\/2021\/09\/Bildschirmfoto-2021-09-11-um-17.56.43.png?resize=1536%2C1087&amp;ssl=1 1536w, https:\/\/i0.wp.com\/www.tuseichholzremmighausen.de\/wordpress\/wp-content\/uploads\/2021\/09\/Bildschirmfoto-2021-09-11-um-17.56.43.png?resize=2048%2C1449&amp;ssl=1 2048w, https:\/\/i0.wp.com\/www.tuseichholzremmighausen.de\/wordpress\/wp-content\/uploads\/2021\/09\/Bildschirmfoto-2021-09-11-um-17.56.43.png?w=1600&amp;ssl=1 1600w\" sizes=\"auto, (max-width: 800px) 100vw, 800px\" \/><\/a><\/p>\n<p>&nbsp;<\/p>\n","protected":false},"excerpt":{"rendered":"<p>Beitr\u00e4ge f\u00fcr Mitglieder: F\u00f6rdermitglieder: 5,00\u00a0\u20ac\/Monat Kinder\u00a0 und Jugendliche: 8,00\u00a0\u20ac\/Monat Auszubildende und Studenten: 8,00 \u20ac\/Monat Erwachsene: 10,00\u00a0\u20ac\/Monat Familien ab 3 Familienmitglieder:<\/p>\n","protected":false},"author":2,"featured_media":0,"parent":0,"menu_order":0,"comment_status":"closed","ping_status":"open","template":"","meta":{"colormag_page_container_layout":"default_layout","colormag_page_sidebar_layout":"default_layout","footnotes":""},"class_list":["post-136","page","type-page","status-publish","hentry"],"jetpack_sharing_enabled":true,"_links":{"self":[{"href":"https:\/\/www.tuseichholzremmighausen.de\/wordpress\/wp-json\/wp\/v2\/pages\/136","targetHints":{"allow":["GET"]}}],"collection":[{"href":"https:\/\/www.tuseichholzremmighausen.de\/wordpress\/wp-json\/wp\/v2\/pages"}],"about":[{"href":"https:\/\/www.tuseichholzremmighausen.de\/wordpress\/wp-json\/wp\/v2\/types\/page"}],"author":[{"embeddable":true,"href":"https:\/\/www.tuseichholzremmighausen.de\/wordpress\/wp-json\/wp\/v2\/users\/2"}],"replies":[{"embeddable":true,"href":"https:\/\/www.tuseichholzremmighausen.de\/wordpress\/wp-json\/wp\/v2\/comments?post=136"}],"version-history":[{"count":0,"href":"https:\/\/www.tuseichholzremmighausen.de\/wordpress\/wp-json\/wp\/v2\/pages\/136\/revisions"}],"wp:attachment":[{"href":"https:\/\/www.tuseichholzremmighausen.de\/wordpress\/wp-json\/wp\/v2\/media?parent=136"}],"curies":[{"name":"wp","href":"https:\/\/api.w.org\/{rel}","templated":true}]}}