{"id":142,"date":"2011-02-21T19:52:09","date_gmt":"2011-02-21T18:52:09","guid":{"rendered":"http:\/\/www.tuseichholzremmighausen.de"},"modified":"2025-12-16T08:10:01","modified_gmt":"2025-12-16T07:10:01","slug":"vereinsjugendleitung","status":"publish","type":"page","link":"https:\/\/www.tuseichholzremmighausen.de\/wordpress\/vorstand\/vereinsjugendleitung","title":{"rendered":"Vereinsjugendleitung"},"content":{"rendered":"<p>Etwa 400 Jugendliche sind Mitglied in unserem Sportverein. Die Vereinsjugendleitung (VJL) des TuS Eichholz-Remmighausen e.V. versteht sich als Bindeglied zwischen den Kinder- und Jugendabteilungen und dem Vorstand unseres Vereins. Fast jede Abteilung hat in der VJL eine\/n zugeteilte\/n Ansprechpartner\/in, den\/die Ihr jederzeit gerne ansprechen k\u00f6nnt.<\/p>\n<p>Neben unseren Rahmenveranstaltungen organisieren und unterst\u00fctzen wir gerne auch Eure Veranstaltungen, ob intern oder vereins\u00fcbergreifend. Wir stehen Euch mit Rat und Tat zur Seite. Vorschl\u00e4ge eurerseits zu unseren Rahmenveranstaltungen und allgemeine Vorschl\u00e4ge, Kritiken und Anregungen nehmen wir gerne von Euch entgegen.<\/p>\n<h4>Vereinsjugendleitung<\/h4><br \/><strong>Vorsitzende Vereinsjugendleitung:<\/strong><br \/>(Nicht besetzt) <strong><\/strong> <br \/><br \/><strong>Stellvertretende Vorsitzende Vereinsjugendleitung:<\/strong><br \/>(Nicht besetzt) <strong><\/strong> <br \/>\n<p>&nbsp;<\/p>\n<p><strong>Leistungen aus dem Bildungspaket beantragen<\/strong><\/p>\n<p>Das Bildungs- und Teilhabepaket bietet f\u00fcr den Sport die M\u00f6glichkeit, Ersatz der Kosten f\u00fcr Sportangebote f\u00fcr Kinder und Jugendliche, bis zu einem Alter von 18 Jahren, in H\u00f6he von bis zu 15\u20ac monatlich, zu \u00fcbernehmen. Das bedeutet, dass der Vereinsbeitrag vom Jobcenter oder vom Kreis Lippe \u00fcbernommen werden kann.<\/p>\n<p>Folgende Voraussetzungen m\u00fcssen daf\u00fcr erf\u00fcllt werden:<\/p>\n<ol>\n<li>Bezug von B\u00fcrgergeld oder z.B. Empf\u00e4nger von Wohngeld oder Kinderzuschlag<\/li>\n<li>Antragstellung beim Jobcenter oder beim Kreis Lippe<\/li>\n<li>Bescheinigung des TuS Eichholz Remmighausen e.V. \u00fcber die Mitgliedschaft und Teilnahme am Sport und \u00fcber den Vereinsbeitrag<\/li>\n<\/ol>\n<p><a href=\"https:\/\/www.arbeitsagentur.de\/familie-und-kinder\/informationen-zum-bildungspaket\">Weitere Informationen zu BuT<\/a><\/p>\n<h4>Ansprechpartner Kinderschutz<\/h4><br \/><strong>Ansprechpartner Kinderschutz:<\/strong><br \/><strong>Felice Schwartmann<\/strong> <i class=\"easypromoweb-icon-mobile-3\"><\/i> 0151 4631 2933 <i class=\"easypromoweb-icon-mail-5\"><\/i> <a href=\"mailto:fs@tus-er.de\">fs@tus-er.de<\/a><br \/><strong><\/strong> <br \/>\n<p>&nbsp;<\/p>\n<p>&nbsp;<\/p>\n<p>&nbsp;<\/p>\n<p>&nbsp;<\/p>\n<p>&nbsp;<\/p>\n<p>&nbsp;<\/p>\n<p>&nbsp;<\/p>\n<p>&nbsp;<\/p>\n<p>&nbsp;<\/p>\n","protected":false},"excerpt":{"rendered":"<p>Etwa 400 Jugendliche sind Mitglied in unserem Sportverein. Die Vereinsjugendleitung (VJL) des TuS Eichholz-Remmighausen e.V. versteht sich als Bindeglied zwischen<\/p>\n","protected":false},"author":2,"featured_media":0,"parent":124,"menu_order":0,"comment_status":"closed","ping_status":"open","template":"","meta":{"colormag_page_container_layout":"default_layout","colormag_page_sidebar_layout":"default_layout","footnotes":""},"class_list":["post-142","page","type-page","status-publish","hentry"],"jetpack_sharing_enabled":true,"_links":{"self":[{"href":"https:\/\/www.tuseichholzremmighausen.de\/wordpress\/wp-json\/wp\/v2\/pages\/142","targetHints":{"allow":["GET"]}}],"collection":[{"href":"https:\/\/www.tuseichholzremmighausen.de\/wordpress\/wp-json\/wp\/v2\/pages"}],"about":[{"href":"https:\/\/www.tuseichholzremmighausen.de\/wordpress\/wp-json\/wp\/v2\/types\/page"}],"author":[{"embeddable":true,"href":"https:\/\/www.tuseichholzremmighausen.de\/wordpress\/wp-json\/wp\/v2\/users\/2"}],"replies":[{"embeddable":true,"href":"https:\/\/www.tuseichholzremmighausen.de\/wordpress\/wp-json\/wp\/v2\/comments?post=142"}],"version-history":[{"count":0,"href":"https:\/\/www.tuseichholzremmighausen.de\/wordpress\/wp-json\/wp\/v2\/pages\/142\/revisions"}],"up":[{"embeddable":true,"href":"https:\/\/www.tuseichholzremmighausen.de\/wordpress\/wp-json\/wp\/v2\/pages\/124"}],"wp:attachment":[{"href":"https:\/\/www.tuseichholzremmighausen.de\/wordpress\/wp-json\/wp\/v2\/media?parent=142"}],"curies":[{"name":"wp","href":"https:\/\/api.w.org\/{rel}","templated":true}]}}