{"id":150,"date":"2011-02-21T19:54:52","date_gmt":"2011-02-21T18:54:52","guid":{"rendered":"http:\/\/www.tuseichholzremmighausen.de"},"modified":"2026-02-27T14:24:33","modified_gmt":"2026-02-27T13:24:33","slug":"sitemap","status":"publish","type":"page","link":"https:\/\/www.tuseichholzremmighausen.de\/wordpress\/website\/sitemap","title":{"rendered":"Logbuch"},"content":{"rendered":"<p>I<strong>nfos rund um unsere Website<\/strong><\/p>\nAdministrator und Webmaster: <strong>Oliver Brendler<\/strong> <i class=\"easypromoweb-icon-mail-5\"><\/i> <a href=\"mailto:webmaster@tus-er.de\">webmaster@tus-er.de<\/a><br \/>\n<p><strong>Redakteure und Autoren <\/strong><strong>der TuS-Website:<\/strong><br \/>\nEtwa 12 Redakteure\/Autoren arbeiten aktiv an dieser Website mit und stellen Beitr\u00e4ge zur Verf\u00fcgung.<\/p>\n<p><strong>Logbuch<br \/>\n<\/strong><\/p>\n<ul>\n<li style=\"list-style-type: none;\"><\/li>\n<li>31.12.2020<br \/>\n<span style=\"color: #3366ff;\">Admin <span style=\"color: #333333;\">&#8211; Oliver Brendler ist ab Dezember 2025 neuer Admin und Webmaster im TuS<\/span><\/span><\/li>\n<li>27.03.2021<br \/>\n<span style=\"color: #3366ff;\">Website <span style=\"color: #333333;\">&#8211; auf WordPress 5.7 aktualisiert, Einf\u00fchrung neuer Schriftarten f\u00fcr Text und \u00dcberschrift<\/span><\/span><\/li>\n<li>31.12.2020<br \/>\n<span style=\"color: #3366ff;\">Admin <span style=\"color: #333333;\">&#8211; Stefan Kautt ist ab Januar 2021 neuer Admin und Webmaster im TuS<\/span><\/span><\/li>\n<li>07.10.2020<br \/>\n<span style=\"color: #3366ff;\">Men\u00fc <span style=\"color: #333333;\">&#8211; Men\u00fc neu strukturiert und neuen Men\u00fcpunkt <strong>Sport von A-Z<\/strong> hinzugef\u00fcgt\u00a0<\/span><\/span><\/li>\n<li>11.09.2020<br \/>\n<span style=\"color: #3366ff;\">Archiv <span style=\"color: #333333;\">&#8211; f\u00fcr alle <strong>1900<\/strong> Beitr\u00e4ge die Kategorie &#8222;Archiv&#8220; eingestellt, so dass jetzt alle Beitr\u00e4ge <strong>ab 2010<\/strong> dort hinterlegt sind<\/span><\/span><\/li>\n<li>08.09.2020<br \/>\n<span style=\"color: #3366ff;\">Design <span style=\"color: #333333;\">&#8211; f\u00fcr TuL und Tanzen ein eigenes Widget auf der Startseite eingerichtet <\/span><\/span><\/li>\n<li>17.08.2020<br \/>\n<span style=\"color: #3366ff;\">Website <span style=\"color: #333333;\">&#8211; auf PHP Version 7.4 umgestellt<\/span><\/span><\/li>\n<li>05.03.2020<br \/>\n<span style=\"color: #3366ff;\">Admins <span style=\"color: #333333;\">&#8211; Volker Richts ist nicht mehr Admin. Neue Admins sind Tom-Silas M\u00f6ller und Thorsten Bewersdorff<\/span><\/span><\/li>\n<li>29.02.2020<br \/>\n<span style=\"color: #3366ff;\">Website <span style=\"color: #333333;\">&#8211; Personelle \u00c4nderungen des Vorstands eingetragen<\/span><\/span><\/li>\n<li>29.02.2020<br \/>\n<span style=\"color: #3366ff;\">Men\u00fc <span style=\"color: #333333;\">&#8211; Hauptmen\u00fcpunkt Vorstand hinzugef\u00fcgt<\/span><\/span><\/li>\n<li>29.02.2020<br \/>\n<span style=\"color: #3366ff;\">Erg\u00e4nzung <span style=\"color: #333333;\">&#8211; ge\u00e4nderte Vereinssatzung und ge\u00e4nderte Beitrittserkl\u00e4rung eingestellt<\/span><\/span><\/li>\n<li>31.01.2019<br \/>\n<span style=\"color: #3366ff;\">Website <span style=\"color: #333333;\">&#8211; auf PHP Version 7.2 umgestellt<\/span><\/span><\/li>\n<li>31.01.2019<br \/>\n<span style=\"color: #3366ff;\">Website <span style=\"color: #333333;\">&#8211; auf WordPress 5.0 aktualisiert<\/span><\/span><\/li>\n<li>19.09.2018<br \/>\n<span style=\"color: #3366ff;\">Design <span style=\"color: #333333;\">&#8211; FAQ zur Website eingestellt<\/span><\/span><\/li>\n<li>23.05.2018<br \/>\n<span style=\"color: #3366ff;\">Website <span style=\"color: #333333;\">&#8211; Kontaktformular gem\u00e4\u00df DSGVO angepasst<\/span><\/span><\/li>\n<li>23.05.2018<br \/>\n<span style=\"color: #3366ff;\">Website <span style=\"color: #333333;\">&#8211; Datenschutzerkl\u00e4rung gem\u00e4\u00df DSGVO angepasst<\/span><\/span><\/li>\n<li>22.04.2018<br \/>\n<span style=\"color: #3366ff;\">Website <span style=\"color: #333333;\">&#8211; Umstellung auf https:\/\/ also SSL Verschl\u00fcsselung<\/span><\/span><\/li>\n<li>22.03.2018<br \/>\n<span style=\"color: #3366ff;\">Website <span style=\"color: #333333;\">&#8211; Cookie Hinweis eingetragen<\/span><\/span><\/li>\n<li>05.03.2018<br \/>\n<span style=\"color: #3366ff;\">Website <span style=\"color: #333333;\">&#8211; Datenschutzerkl\u00e4rung den Erfordernissen angepasst<\/span><\/span><\/li>\n<li>01.09.2017<br \/>\n<span style=\"color: #3366ff;\">Sicherungen <span style=\"color: #333333;\">&#8211; Sicherungen der Website werden auf der Sicherungs-Festplatte des TuS gespeichert<br \/>\n<\/span><\/span><\/li>\n<li>21.12.2016<br \/>\n<span style=\"color: #3366ff;\">Website <span style=\"color: #333333;\">&#8211; &#8222;HTTP 500 Error&#8220; Der Fehler ist behoben &#8211; alle Admins werden in Kenntnis gesetzt<br \/>\n<\/span><\/span><\/li>\n<li>20.12.2016<br \/>\n<span style=\"color: #3366ff;\">Website <span style=\"color: #333333;\">&#8211; Wegen des Fehlers &#8222;HTTP 500 Error&#8220; l\u00e4sst sich unsere Website nicht aufrufen<\/span><\/span><\/li>\n<li>05.09.2016<br \/>\n<span style=\"color: #3366ff;\">Fussball.de <span style=\"color: #333333;\">&#8211; Wegen des Saisonbeginns 2016\/17 wurde eine Anpassung f\u00fcr alle Mannschaften erforderlich<\/span><\/span><\/li>\n<li>14.04.2016<br \/>\n<span style=\"color: #3366ff;\">Anpassung <span style=\"color: #333333;\">&#8211; Impressumstext den aktuellen gesetzlichen Erfordernissen angepasst<br \/>\n<\/span><\/span><\/li>\n<li>25.03.2016<br \/>\n<span style=\"color: #3366ff;\">Datensicherung\u00a0 <span style=\"color: #333333;\">&#8211; Datenbank per PlugIn monatlich gesichert. Den kompl. Ordner WordPress per FTP gesichert<br \/>\n<\/span><\/span><\/li>\n<li>28.02.2016<br \/>\n<span style=\"color: #3366ff;\">Datenschutzerkl\u00e4rung\u00a0 <span style=\"color: #333333;\">&#8211;\u00a0 Als separater Men\u00fcpunkt im Footer (immer sichtbar) anw\u00e4hlbar<br \/>\n<\/span><\/span><\/li>\n<li>24.02.2016<br \/>\n<span style=\"color: #3366ff;\">Anpassungen <span style=\"color: #333333;\">&#8211; ColorMag Child Theme eingerichtet, in dem zuk\u00fcnftig alle Anpassungen am Theme durchgef\u00fchrt werden<br \/>\n<\/span><\/span><\/li>\n<li>23.02.2016<br \/>\n<span style=\"color: #3366ff;\">Anpassungen <span style=\"color: #333333;\">&#8211; 44 Tabellen in Texte umgewandelt &#8211; Theme nun ann\u00e4hernd 100% responsive<br \/>\n<\/span><\/span><\/li>\n<li>16.02.2016<br \/>\n<span style=\"color: #3366ff;\">Anpassungen <span style=\"color: #333333;\">&#8211; Tabellen (Mannschaften und Sportgruppen) werden nach und nach wieder abgeschafft, weil sie sich im Theme nicht responsive verhalten<br \/>\n<\/span><\/span><\/li>\n<li>14.02.2016<br \/>\n<span style=\"color: #3366ff;\">Tutorial <span style=\"color: #333333;\">&#8211; Kleines Tutorial f\u00fcr die Beitragserstellung und Bildeinbindung erarbeitet und an die Redakteure verschickt<br \/>\n<\/span><\/span><\/li>\n<li>25.01.2016<br \/>\n<span style=\"color: #3366ff;\">Anpassungen\u00a0 <span style=\"color: #333333;\">&#8211; Tabellen \u00fcberarbeitet, Iconfonts eingesetzt, SiteMap \u00fcberarbeitet<br \/>\n<\/span><\/span><\/li>\n<li>21.01.2016<br \/>\n<span style=\"color: #3366ff;\">Anpassungen\u00a0 <span style=\"color: #333333;\">&#8211; Es werden zwecks Optimierung weitere Anpassungen im WP-Theme vorgenommen<br \/>\n<\/span><\/span><\/li>\n<li>17.01.2016<br \/>\n<span style=\"color: #3366ff;\">Online <span style=\"color: #333333;\">&#8211; Die Website ist wieder Online &#8211; in voller Funktionalit\u00e4t<br \/>\n<\/span><\/span><\/li>\n<li>12.01.2016<br \/>\n<span style=\"color: #3366ff;\">Relaunch <span style=\"color: #333333;\">&#8211; Komplette \u00dcberarbeitung unserer Website mit neuem WP-Theme<\/span><\/span><\/li>\n<li>11.01.2016<br \/>\n<span style=\"color: #3366ff;\">Offline <span style=\"color: #333333;\">&#8211; Der Website ist wegen kompletter \u00dcberarbeitung etwa 5 Tage offline <\/span><\/span><\/li>\n<li>06.01.2016<br \/>\n<span style=\"color: #3366ff;\">Archiv <span style=\"color: #333333;\">&#8211; Archiv f\u00fcr Beitr\u00e4ge ab 2010 erstellt, ist \u00fcber das Hauptmen\u00fc erreichbar<br \/>\n<\/span><\/span><\/li>\n<li>20.11.2015<br \/>\n<span style=\"color: #3366ff;\">Facebook <span style=\"color: #333333;\">&#8211; Kopplung zwischen der TuS-Website und unserer Facebook-Seite<br \/>\n<\/span><\/span><\/li>\n<li>15.11.2015<br \/>\n<span style=\"color: #3366ff;\">Facebook <span style=\"color: #333333;\">&#8211; Seite &#8222;Jugendfu\u00dfball im TuS&#8220; wird zur offiziellen &#8222;TuS-Facebookseite&#8220;<br \/>\n<\/span><\/span><\/li>\n<li>22.09.2015<br \/>\n<span style=\"color: #3366ff;\">Bildgr\u00f6\u00dfe <span style=\"color: #333333;\">&#8211; \u00dcberlegungen zu Bildgr\u00f6\u00dfe in der Mediathek<br \/>\n<\/span><\/span><\/li>\n<li>10.09.2015<br \/>\n<span style=\"color: #3366ff;\">SiteMap <span style=\"color: #333333;\">&#8211; Erstellt und dem Men\u00fc hinzu gef\u00fcgt<\/span><\/span><\/li>\n<li>10.09.2015<br \/>\n<span style=\"color: #3366ff;\">Cookies <span style=\"color: #333333;\">&#8211; Hinweis entfernt &#8211; Grund: Unsere Website nutzt keine Cookies<\/span><\/span><\/li>\n<li>08.09.2015<br \/>\n<span style=\"color: #3366ff;\">Kommentare <span style=\"color: #333333;\">&#8211; Kommentare werden nicht mehr angezeigt, sind abgew\u00e4hlt<br \/>\n<\/span><\/span><\/li>\n<li>04.09.2015<br \/>\n<span style=\"color: #3366ff;\">Layout <span style=\"color: #333333;\">&#8211; Header nicht mehr verwendet &#8211; 1. Schritt Richtung Flat-Design\u00a0<\/span><\/span><\/li>\n<li><span style=\"color: #3366ff;\"><span style=\"color: #333333;\">05.02.2015<\/span><br \/>\nCookies <span style=\"color: #333333;\">-Hinweis auf der Website zur Verwendung von Cookies.\u00a0 Grund: Abmahnsicherheit.<\/span><\/span><\/li>\n<li><span style=\"color: #333333;\">30.08.2014<\/span><br \/>\n<span style=\"color: #3366ff;\">Rolf Gehrke<\/span> ist Co-Webmaster und Admin beim TuS. Volker M\u00f6lling scheidet leider auf eigenen Wunsch als Redakteur aus.<\/li>\n<li>23.10.2013<br \/>\n<span style=\"color: #3366ff;\">Anleitungen<\/span> &#8211; Zehn gedruckte WordPress-Anleitungen werden in den Abteilungen verteilt um die Bereitschaft zur Mitarbeit an der Website zu f\u00f6rdern<\/li>\n<li>19.10.2013<br \/>\n<span style=\"color: #3366ff;\">Speicher<\/span> &#8211; Speicherprobleme werden wir zuk\u00fcnftig erst mal nicht haben, wir haben hinzu gekauft &#8211; oder neudeutsch upgegraded<\/li>\n<li>22.05.2013<br \/>\n<span style=\"color: #3366ff;\">Men\u00fc<\/span> &#8211; Men\u00fc \u00fcberarbeitet, reduziert auf 83 Men\u00fcpunkte (89 nutzbar)<\/li>\n<li>21.01.2013<br \/>\n<span style=\"color: #3366ff;\">Co-Admin<\/span> &#8211; Volker Richts ist zuk\u00fcnftig Co-Adminstrator der TuS-Website<\/li>\n<li>07.01.2013<br \/>\n<span style=\"color: #3366ff;\">Redakteure<\/span> &#8211; Redakteure der TuS-Website sind: Rolf Gehrke, Volker M\u00f6lling, Ramon Berner und Lothar Windmeier<\/li>\n<li>06.01.2013<br \/>\n<span style=\"color: #3366ff;\">Google<\/span> &#8211; keine Warnhinweise mehr auf eine unsichere TuS-Website<\/li>\n<li>06.01.2013<br \/>\n<span style=\"color: #3366ff;\">Website wieder online<\/span> &#8211; diverse Sicherungen eingef\u00fchrt<\/li>\n<li>24.12.2012<br \/>\n<span style=\"color: #3366ff;\">Unsere Website wurde gehackt<\/span> &#8211; Website vom Netz genommen<\/li>\n<li>25.09.2012<br \/>\n<span style=\"color: #3366ff;\">Dynamic Headers<\/span> eingef\u00fchrt<\/li>\n<li>24.09.2012<br \/>\n<span style=\"color: #3366ff;\">Gesch\u00fctzter Bereich<\/span> f\u00fcr Autoren eingerichtet<\/li>\n<li>20.09.2012<br \/>\nTutorial &#8222;<span style=\"color: #3366ff;\">Bildbearbeitung mit IrfanView<\/span>&#8220; erstellt und an Autoren verteilt<\/li>\n<li>12.06.2012<br \/>\n&#8222;<span style=\"color: #3366ff;\">To Top<\/span>&#8220; Button realisiert<\/li>\n<li>02.04.2012<br \/>\nEs steht allen Autoren frei zuk\u00fcnftig die <span style=\"color: #3366ff;\">Bilder\/Fotogalerie<\/span> in den Artikeln einzusetzen. Das Tutorial dazu ist an die Autoren verteilt.<\/li>\n<li>24.02.2012<br \/>\n1 Jahr &#8222;neue&#8220; Website mit<span style=\"color: #3366ff;\"> 328<\/span> neuen Berichten durch unsere engagierten Autoren! Etwa <span style=\"color: #3366ff;\">244 Visitors\/Tag<\/span> in 2011, d.h. etwa <span style=\"color: #3366ff;\">89.000 pro Jahr<\/span><\/li>\n<li>15.02.2012<br \/>\nSt\u00f6rung unserer Website, Berichte und Inhalte werden nicht dargestellt<br \/>\nBehebung des Fehlers am 23.2.2012 &#8211; urs\u00e4chlich war der Terminkalender<\/li>\n<li>21.01.2012<br \/>\nNeues Widget &#8222;<span style=\"color: #3366ff;\">Neuigkeiten<\/span>&#8220; eingerichtet, daf\u00fcr entf\u00e4llt &#8222;<span style=\"color: #3366ff;\">Schwarzes Brett<\/span>&#8222;<\/li>\n<li>12.01.2012<br \/>\nM\u00f6gliche Auswahl von <span style=\"color: #3366ff;\">Social Bookmarks<\/span> und eMail in den einzelnen Artikeln<\/li>\n<li>16.11.2011<br \/>\n<span style=\"color: #3366ff;\">100 Jahre TuS<\/span> tempor\u00e4r (anstatt <span style=\"color: #3366ff;\">U11 Bundesligaturnier<\/span>) zum Men\u00fc hinzugef\u00fcgt<\/li>\n<li>28.07.2011<br \/>\n<span style=\"color: #3366ff;\">U11 Bundesligaturnier<\/span> tempor\u00e4r zum Men\u00fc hinzugef\u00fcgt<\/li>\n<li>28.07.2011<br \/>\n<span style=\"color: #3366ff;\">Tischtennis<\/span> aus dem Hauptmen\u00fc gel\u00f6scht<\/li>\n<li>10.06.2011<br \/>\nNeuen Men\u00fcpunkt hinzugef\u00fcgt &#8222;<span style=\"color: #3366ff;\">Sport von A-Z<\/span>&#8222;<\/li>\n<li>03.04.2011<br \/>\n<span style=\"color: #3366ff;\">Statistikvergleich<\/span> abgeschlossen und auf der Statistik-Seite ver\u00f6ffentlicht<\/li>\n<li><span style=\"color: #3366ff;\"><span style=\"color: #333333;\">24.03.2011<br \/>\n<\/span><\/span><span style=\"color: #3366ff;\"><span style=\"color: #333333;\">Habe einen <span style=\"color: #3366ff;\">Countdown-Z\u00e4hler<\/span> f\u00fcr\u00a0 die Tage bis zum\u00a0 Jubil\u00e4um eingerichtet<\/span><\/span><\/li>\n<li><span style=\"color: #3366ff;\"><span style=\"color: #333333;\">22.03.2011<br \/>\nHabe den <span style=\"color: #3366ff;\">Besucherz\u00e4hler<\/span> heraus genommen, da ich festgestellt habe, dass<br \/>\n3 verschieden Statistikmodule 3 stark unterschiedliche Ergebnisse zeigen!<br \/>\n<\/span><\/span><\/li>\n<li><span style=\"color: #3366ff;\"><span style=\"color: #333333;\">18.03.2011<br \/>\nDer <\/span><\/span><span style=\"color: #3366ff;\"><span style=\"color: #333333;\">TuS ist wieder unter <\/span>www.tuseichholzremmighausen.de <span style=\"color: #333333;\">erreichbar<\/span><\/span><\/li>\n<li><span style=\"color: #3366ff;\"><span style=\"color: #333333;\">17.03.2011<br \/>\nEinfaches <span style=\"color: #3366ff;\">Schwarzes Brett<\/span> als Widget eingerichtet<br \/>\n<\/span><\/span><\/li>\n<li><span style=\"color: #3366ff;\"><span style=\"color: #333333;\">12.03.2011<br \/>\n<span style=\"color: #3366ff;\">Besucherz\u00e4hler<\/span> als Widget eingerichtet<br \/>\n<\/span><\/span><\/li>\n<li><span style=\"color: #3366ff;\"><span style=\"color: #333333;\">08.03.2011<br \/>\nWorkshop:<\/span> Eigene Artikel unter WP einsetzen<br \/>\n<\/span><\/li>\n<li>04.03.2011<br \/>\n<span style=\"color: #3366ff;\">SIS-Handballergebnisdienst <\/span>eingerichtet<\/li>\n<li>03.03.2011<br \/>\n<span style=\"color: #3366ff;\">Chronik<\/span> und <span style=\"color: #3366ff;\">Historisches<\/span> \u00fcbertragen<\/li>\n<li>28.02.2011<br \/>\n<span style=\"color: #3366ff;\">Fu\u00dfballstammtisch<\/span> in einfacher Form realisiert<\/li>\n<li>27.02.2011<br \/>\nLink zur neuen <span style=\"color: #3366ff;\">Facebookseite des TuS<\/span> gesetzt<br \/>\n<span style=\"color: #3366ff;\">Blogroll<\/span> mit TuS Gruppen und Mitglieder<\/li>\n<li>25.02.2011<br \/>\nBreadcrumbs installiert &#8211;\u00a0 die &#8222;<span style=\"color: #3366ff;\">wo bin ich<\/span>&#8220; Zeile<br \/>\n<span style=\"color: #3366ff;\">fussball.de<\/span> f\u00fcr alle Fu\u00dfball-Mannschaften installiert<\/li>\n<li>24.02.2011<br \/>\nUm 14:30 Uhr geht unsere <span style=\"color: #3366ff;\">neu gestaltete Website<\/span> (basierend auf WordPress) online.<\/li>\n<li>Januar 2005<br \/>\nJochen Franz \u00fcbernimmt <span style=\"color: #3366ff;\">die TuS-Homepage<\/span> von Ronald Richts,<br \/>\nerste Datensicherungen datieren aus dem Jahr.<\/li>\n<\/ul>\n","protected":false},"excerpt":{"rendered":"<p>Infos rund um unsere Website Redakteure und Autoren der TuS-Website: Etwa 12 Redakteure\/Autoren arbeiten aktiv an dieser Website mit und<\/p>\n","protected":false},"author":2,"featured_media":0,"parent":146,"menu_order":0,"comment_status":"closed","ping_status":"open","template":"","meta":{"colormag_page_container_layout":"default_layout","colormag_page_sidebar_layout":"default_layout","footnotes":""},"class_list":["post-150","page","type-page","status-publish","hentry"],"jetpack_sharing_enabled":true,"_links":{"self":[{"href":"https:\/\/www.tuseichholzremmighausen.de\/wordpress\/wp-json\/wp\/v2\/pages\/150","targetHints":{"allow":["GET"]}}],"collection":[{"href":"https:\/\/www.tuseichholzremmighausen.de\/wordpress\/wp-json\/wp\/v2\/pages"}],"about":[{"href":"https:\/\/www.tuseichholzremmighausen.de\/wordpress\/wp-json\/wp\/v2\/types\/page"}],"author":[{"embeddable":true,"href":"https:\/\/www.tuseichholzremmighausen.de\/wordpress\/wp-json\/wp\/v2\/users\/2"}],"replies":[{"embeddable":true,"href":"https:\/\/www.tuseichholzremmighausen.de\/wordpress\/wp-json\/wp\/v2\/comments?post=150"}],"version-history":[{"count":0,"href":"https:\/\/www.tuseichholzremmighausen.de\/wordpress\/wp-json\/wp\/v2\/pages\/150\/revisions"}],"up":[{"embeddable":true,"href":"https:\/\/www.tuseichholzremmighausen.de\/wordpress\/wp-json\/wp\/v2\/pages\/146"}],"wp:attachment":[{"href":"https:\/\/www.tuseichholzremmighausen.de\/wordpress\/wp-json\/wp\/v2\/media?parent=150"}],"curies":[{"name":"wp","href":"https:\/\/api.w.org\/{rel}","templated":true}]}}