{"id":17432,"date":"2022-09-09T16:58:04","date_gmt":"2022-09-09T14:58:04","guid":{"rendered":"https:\/\/www.tuseichholzremmighausen.de\/wordpress\/?page_id=17432"},"modified":"2026-03-05T15:19:19","modified_gmt":"2026-03-05T14:19:19","slug":"fussballweiblich","status":"publish","type":"page","link":"https:\/\/www.tuseichholzremmighausen.de\/wordpress\/fussballweiblich","title":{"rendered":"Fussball weiblich"},"content":{"rendered":"<h4>B-Juniorinnen<\/h4>Bis 16 Jahre<br \/><br \/><strong>Ansprechpartner:<\/strong><br \/><strong>Deborah Zaus<\/strong> <i class=\"easypromoweb-icon-mobile-3\"><\/i> 0151 464 30 981 <br \/><strong><\/strong> <br \/>\n<p>&nbsp;<\/p>\n<p>Aktuell k\u00f6nnen sich unsere Juniorinnen mit einem Zweitspielrecht der JSG Diestelbruch Mosebeck anschlie\u00dfen. Ansprechpartner daf\u00fcr sind Deborah Zaus.<\/p>\n<p>&nbsp;<\/p>\n<p><strong><i class=\"easypromoweb-icon-info-circled-1\"><\/i> <a href=\"https:\/\/www.tuseichholzremmighausen.de\/wordpress\/archives\/category\/fb-weiblich-aktuell\"><b>Berichte<\/b><\/a><\/strong><\/p>\n<hr \/>\n<h4>Frauenmannschaft<\/h4><br \/><strong>Mannschaftsverantwortlicher:<\/strong><br \/><strong>Andreas Suermann<\/strong> <i class=\"easypromoweb-icon-mobile-3\"><\/i> 0151 173 52 037 <i class=\"easypromoweb-icon-mail-5\"><\/i> <a href=\"mailto:andreassuermann@gmx.de\">andreassuermann@gmx.de<\/a><br \/>\n<p>&nbsp;<\/p>\n<p><a href=\"https:\/\/www.tuseichholzremmighausen.de\/wordpress\/archives\/21910\/tp_55a6544b\"><img data-recalc-dims=\"1\" loading=\"lazy\" decoding=\"async\" data-attachment-id=\"21911\" data-permalink=\"https:\/\/www.tuseichholzremmighausen.de\/wordpress\/archives\/21910\/tp_55a6544b\" data-orig-file=\"https:\/\/i0.wp.com\/www.tuseichholzremmighausen.de\/wordpress\/wp-content\/uploads\/2024\/10\/tp_55A6544b.jpg?fit=1200%2C675&amp;ssl=1\" data-orig-size=\"1200,675\" data-comments-opened=\"0\" data-image-meta=\"{&quot;aperture&quot;:&quot;8&quot;,&quot;credit&quot;:&quot;ROLF GEHRKE&quot;,&quot;camera&quot;:&quot;Canon EOS R6m2&quot;,&quot;caption&quot;:&quot;&quot;,&quot;created_timestamp&quot;:&quot;1727956869&quot;,&quot;copyright&quot;:&quot;zfts301023&quot;,&quot;focal_length&quot;:&quot;24&quot;,&quot;iso&quot;:&quot;160&quot;,&quot;shutter_speed&quot;:&quot;0.001&quot;,&quot;title&quot;:&quot;&quot;,&quot;orientation&quot;:&quot;1&quot;}\" data-image-title=\"tp_55A6544b\" data-image-description=\"\" data-image-caption=\"\" data-large-file=\"https:\/\/i0.wp.com\/www.tuseichholzremmighausen.de\/wordpress\/wp-content\/uploads\/2024\/10\/tp_55A6544b.jpg?fit=800%2C450&amp;ssl=1\" class=\"alignnone wp-image-21911 size-full\" style=\"font-size: 16px;\" src=\"https:\/\/i0.wp.com\/www.tuseichholzremmighausen.de\/wordpress\/wp-content\/uploads\/2024\/10\/tp_55A6544b.jpg?resize=800%2C450&#038;ssl=1\" alt=\"\" width=\"800\" height=\"450\" srcset=\"https:\/\/i0.wp.com\/www.tuseichholzremmighausen.de\/wordpress\/wp-content\/uploads\/2024\/10\/tp_55A6544b.jpg?w=1200&amp;ssl=1 1200w, https:\/\/i0.wp.com\/www.tuseichholzremmighausen.de\/wordpress\/wp-content\/uploads\/2024\/10\/tp_55A6544b.jpg?resize=300%2C169&amp;ssl=1 300w, https:\/\/i0.wp.com\/www.tuseichholzremmighausen.de\/wordpress\/wp-content\/uploads\/2024\/10\/tp_55A6544b.jpg?resize=1024%2C576&amp;ssl=1 1024w, https:\/\/i0.wp.com\/www.tuseichholzremmighausen.de\/wordpress\/wp-content\/uploads\/2024\/10\/tp_55A6544b.jpg?resize=768%2C432&amp;ssl=1 768w\" sizes=\"auto, (max-width: 800px) 100vw, 800px\" \/><\/a><\/p>\n<p><strong>Trainingszeiten<\/strong><br \/>\nMittwoch und Freitag ab 19:30 Uhr \u00a0&#8211; Sportplatz Remmighausen<\/p>\n<p><strong><i class=\"easypromoweb-icon-info-circled-1\"><\/i> <a href=\"https:\/\/www.tuseichholzremmighausen.de\/wordpress\/archives\/category\/fb-weiblich-aktuell\"><b>Berichte<\/b><\/a><\/strong><\/p>\n<hr \/>\n<h2 class=\"display-posts-title\">Letzte Beitr\u00e4ge<\/h2>\n<div class=\"display-posts-listing image-left\"><div class=\"listing-item\"><a class=\"image\" href=\"https:\/\/www.tuseichholzremmighausen.de\/wordpress\/archives\/23738\"><img loading=\"lazy\" decoding=\"async\" width=\"150\" height=\"150\" src=\"https:\/\/i0.wp.com\/www.tuseichholzremmighausen.de\/wordpress\/wp-content\/uploads\/2026\/03\/tp_55A4155.jpeg?resize=150%2C150&amp;ssl=1\" class=\"attachment-thumbnail size-thumbnail wp-post-image\" alt=\"\" srcset=\"https:\/\/i0.wp.com\/www.tuseichholzremmighausen.de\/wordpress\/wp-content\/uploads\/2026\/03\/tp_55A4155.jpeg?resize=150%2C150&amp;ssl=1 150w, https:\/\/i0.wp.com\/www.tuseichholzremmighausen.de\/wordpress\/wp-content\/uploads\/2026\/03\/tp_55A4155.jpeg?zoom=2&amp;resize=150%2C150&amp;ssl=1 300w, https:\/\/i0.wp.com\/www.tuseichholzremmighausen.de\/wordpress\/wp-content\/uploads\/2026\/03\/tp_55A4155.jpeg?zoom=3&amp;resize=150%2C150&amp;ssl=1 450w\" sizes=\"auto, (max-width: 150px) 100vw, 150px\" data-attachment-id=\"23739\" data-permalink=\"https:\/\/www.tuseichholzremmighausen.de\/wordpress\/archives\/23738\/tp_55a4155\" data-orig-file=\"https:\/\/i0.wp.com\/www.tuseichholzremmighausen.de\/wordpress\/wp-content\/uploads\/2026\/03\/tp_55A4155.jpeg?fit=1200%2C674&amp;ssl=1\" data-orig-size=\"1200,674\" data-comments-opened=\"0\" data-image-meta=\"{&quot;aperture&quot;:&quot;4&quot;,&quot;credit&quot;:&quot;ROLF GEHRKE&quot;,&quot;camera&quot;:&quot;Canon EOS R6m2&quot;,&quot;caption&quot;:&quot;&quot;,&quot;created_timestamp&quot;:&quot;1774781516&quot;,&quot;copyright&quot;:&quot;zfts301023&quot;,&quot;focal_length&quot;:&quot;123&quot;,&quot;iso&quot;:&quot;100&quot;,&quot;shutter_speed&quot;:&quot;0.000625&quot;,&quot;title&quot;:&quot;&quot;,&quot;orientation&quot;:&quot;1&quot;}\" data-image-title=\"tp_55A4155\" data-image-description=\"\" data-image-caption=\"\" data-large-file=\"https:\/\/i0.wp.com\/www.tuseichholzremmighausen.de\/wordpress\/wp-content\/uploads\/2026\/03\/tp_55A4155.jpeg?fit=800%2C449&amp;ssl=1\" \/><\/a> <a class=\"title\" href=\"https:\/\/www.tuseichholzremmighausen.de\/wordpress\/archives\/23738\">8:1-Kantersieg gegen Herford- wir klettern auf Platz 3<\/a> <span class=\"date\">30. M\u00e4rz 2026<\/span><\/div><div class=\"listing-item\"><a class=\"image\" href=\"https:\/\/www.tuseichholzremmighausen.de\/wordpress\/archives\/23722\"><img loading=\"lazy\" decoding=\"async\" width=\"150\" height=\"150\" src=\"https:\/\/i0.wp.com\/www.tuseichholzremmighausen.de\/wordpress\/wp-content\/uploads\/2026\/03\/tp_55A4016.jpeg?resize=150%2C150&amp;ssl=1\" class=\"attachment-thumbnail size-thumbnail wp-post-image\" alt=\"\" srcset=\"https:\/\/i0.wp.com\/www.tuseichholzremmighausen.de\/wordpress\/wp-content\/uploads\/2026\/03\/tp_55A4016.jpeg?resize=150%2C150&amp;ssl=1 150w, https:\/\/i0.wp.com\/www.tuseichholzremmighausen.de\/wordpress\/wp-content\/uploads\/2026\/03\/tp_55A4016.jpeg?zoom=2&amp;resize=150%2C150&amp;ssl=1 300w, https:\/\/i0.wp.com\/www.tuseichholzremmighausen.de\/wordpress\/wp-content\/uploads\/2026\/03\/tp_55A4016.jpeg?zoom=3&amp;resize=150%2C150&amp;ssl=1 450w\" sizes=\"auto, (max-width: 150px) 100vw, 150px\" data-attachment-id=\"23734\" data-permalink=\"https:\/\/www.tuseichholzremmighausen.de\/wordpress\/archives\/23722\/tp_55a4016\" data-orig-file=\"https:\/\/i0.wp.com\/www.tuseichholzremmighausen.de\/wordpress\/wp-content\/uploads\/2026\/03\/tp_55A4016.jpeg?fit=1200%2C675&amp;ssl=1\" data-orig-size=\"1200,675\" data-comments-opened=\"0\" data-image-meta=\"{&quot;aperture&quot;:&quot;5.6&quot;,&quot;credit&quot;:&quot;ROLF GEHRKE&quot;,&quot;camera&quot;:&quot;Canon EOS R6m2&quot;,&quot;caption&quot;:&quot;&quot;,&quot;created_timestamp&quot;:&quot;1774181638&quot;,&quot;copyright&quot;:&quot;zfts301023&quot;,&quot;focal_length&quot;:&quot;200&quot;,&quot;iso&quot;:&quot;200&quot;,&quot;shutter_speed&quot;:&quot;0.0004&quot;,&quot;title&quot;:&quot;&quot;,&quot;orientation&quot;:&quot;1&quot;}\" data-image-title=\"tp_55A4016\" data-image-description=\"\" data-image-caption=\"\" data-large-file=\"https:\/\/i0.wp.com\/www.tuseichholzremmighausen.de\/wordpress\/wp-content\/uploads\/2026\/03\/tp_55A4016.jpeg?fit=800%2C450&amp;ssl=1\" \/><\/a> <a class=\"title\" href=\"https:\/\/www.tuseichholzremmighausen.de\/wordpress\/archives\/23722\">In der Ruhe liegt die Kraft \u2013 2:0 bei SC Wiedenbr\u00fcck<\/a> <span class=\"date\">23. M\u00e4rz 2026<\/span><\/div><div class=\"listing-item\"><a class=\"image\" href=\"https:\/\/www.tuseichholzremmighausen.de\/wordpress\/archives\/23708\"><img loading=\"lazy\" decoding=\"async\" width=\"150\" height=\"150\" src=\"https:\/\/i0.wp.com\/www.tuseichholzremmighausen.de\/wordpress\/wp-content\/uploads\/2026\/03\/tp_55A3762.jpeg?resize=150%2C150&amp;ssl=1\" class=\"attachment-thumbnail size-thumbnail wp-post-image\" alt=\"\" srcset=\"https:\/\/i0.wp.com\/www.tuseichholzremmighausen.de\/wordpress\/wp-content\/uploads\/2026\/03\/tp_55A3762.jpeg?resize=150%2C150&amp;ssl=1 150w, https:\/\/i0.wp.com\/www.tuseichholzremmighausen.de\/wordpress\/wp-content\/uploads\/2026\/03\/tp_55A3762.jpeg?zoom=2&amp;resize=150%2C150&amp;ssl=1 300w, https:\/\/i0.wp.com\/www.tuseichholzremmighausen.de\/wordpress\/wp-content\/uploads\/2026\/03\/tp_55A3762.jpeg?zoom=3&amp;resize=150%2C150&amp;ssl=1 450w\" sizes=\"auto, (max-width: 150px) 100vw, 150px\" data-attachment-id=\"23709\" data-permalink=\"https:\/\/www.tuseichholzremmighausen.de\/wordpress\/archives\/23708\/tp_55a3762\" data-orig-file=\"https:\/\/i0.wp.com\/www.tuseichholzremmighausen.de\/wordpress\/wp-content\/uploads\/2026\/03\/tp_55A3762.jpeg?fit=1200%2C675&amp;ssl=1\" data-orig-size=\"1200,675\" data-comments-opened=\"0\" data-image-meta=\"{&quot;aperture&quot;:&quot;4&quot;,&quot;credit&quot;:&quot;ROLF GEHRKE&quot;,&quot;camera&quot;:&quot;Canon EOS R6m2&quot;,&quot;caption&quot;:&quot;&quot;,&quot;created_timestamp&quot;:&quot;1773573793&quot;,&quot;copyright&quot;:&quot;zfts301023&quot;,&quot;focal_length&quot;:&quot;70&quot;,&quot;iso&quot;:&quot;640&quot;,&quot;shutter_speed&quot;:&quot;0.0005&quot;,&quot;title&quot;:&quot;&quot;,&quot;orientation&quot;:&quot;1&quot;}\" data-image-title=\"tp_55A3762\" data-image-description=\"\" data-image-caption=\"\" data-large-file=\"https:\/\/i0.wp.com\/www.tuseichholzremmighausen.de\/wordpress\/wp-content\/uploads\/2026\/03\/tp_55A3762.jpeg?fit=800%2C450&amp;ssl=1\" \/><\/a> <a class=\"title\" href=\"https:\/\/www.tuseichholzremmighausen.de\/wordpress\/archives\/23708\">2:2 gegen SVKT 07 Minden II \u2013 Platz 4 verteidigt<\/a> <span class=\"date\">20. M\u00e4rz 2026<\/span><\/div><div class=\"listing-item\"><a class=\"image\" href=\"https:\/\/www.tuseichholzremmighausen.de\/wordpress\/archives\/23692\"><img loading=\"lazy\" decoding=\"async\" width=\"150\" height=\"150\" src=\"https:\/\/i0.wp.com\/www.tuseichholzremmighausen.de\/wordpress\/wp-content\/uploads\/2026\/03\/55A3683.jpg?resize=150%2C150&amp;ssl=1\" class=\"attachment-thumbnail size-thumbnail wp-post-image\" alt=\"\" srcset=\"https:\/\/i0.wp.com\/www.tuseichholzremmighausen.de\/wordpress\/wp-content\/uploads\/2026\/03\/55A3683.jpg?resize=150%2C150&amp;ssl=1 150w, https:\/\/i0.wp.com\/www.tuseichholzremmighausen.de\/wordpress\/wp-content\/uploads\/2026\/03\/55A3683.jpg?zoom=2&amp;resize=150%2C150&amp;ssl=1 300w, https:\/\/i0.wp.com\/www.tuseichholzremmighausen.de\/wordpress\/wp-content\/uploads\/2026\/03\/55A3683.jpg?zoom=3&amp;resize=150%2C150&amp;ssl=1 450w\" sizes=\"auto, (max-width: 150px) 100vw, 150px\" data-attachment-id=\"23706\" data-permalink=\"https:\/\/www.tuseichholzremmighausen.de\/wordpress\/archives\/23692\/_55a3683\" data-orig-file=\"https:\/\/i0.wp.com\/www.tuseichholzremmighausen.de\/wordpress\/wp-content\/uploads\/2026\/03\/55A3683.jpg?fit=1200%2C673&amp;ssl=1\" data-orig-size=\"1200,673\" data-comments-opened=\"0\" data-image-meta=\"{&quot;aperture&quot;:&quot;5.6&quot;,&quot;credit&quot;:&quot;ROLF GEHRKE&quot;,&quot;camera&quot;:&quot;Canon EOS R6m2&quot;,&quot;caption&quot;:&quot;&quot;,&quot;created_timestamp&quot;:&quot;1772979522&quot;,&quot;copyright&quot;:&quot;zfts301023&quot;,&quot;focal_length&quot;:&quot;123&quot;,&quot;iso&quot;:&quot;200&quot;,&quot;shutter_speed&quot;:&quot;0.0005&quot;,&quot;title&quot;:&quot;&quot;,&quot;orientation&quot;:&quot;1&quot;}\" data-image-title=\"_55A3683\" data-image-description=\"\" data-image-caption=\"\" data-large-file=\"https:\/\/i0.wp.com\/www.tuseichholzremmighausen.de\/wordpress\/wp-content\/uploads\/2026\/03\/55A3683.jpg?fit=800%2C448&amp;ssl=1\" \/><\/a> <a class=\"title\" href=\"https:\/\/www.tuseichholzremmighausen.de\/wordpress\/archives\/23692\">Sonntag wird\u00b4s wieder ernst \u2013 SVKT 07 Minden II kommt zum Ligaspiel<\/a> <span class=\"date\">14. M\u00e4rz 2026<\/span><\/div><div class=\"listing-item\"><a class=\"image\" href=\"https:\/\/www.tuseichholzremmighausen.de\/wordpress\/archives\/23623\"><img loading=\"lazy\" decoding=\"async\" width=\"150\" height=\"150\" src=\"https:\/\/i0.wp.com\/www.tuseichholzremmighausen.de\/wordpress\/wp-content\/uploads\/2026\/03\/tp_55A1978.jpeg?resize=150%2C150&amp;ssl=1\" class=\"attachment-thumbnail size-thumbnail wp-post-image\" alt=\"\" srcset=\"https:\/\/i0.wp.com\/www.tuseichholzremmighausen.de\/wordpress\/wp-content\/uploads\/2026\/03\/tp_55A1978.jpeg?resize=150%2C150&amp;ssl=1 150w, https:\/\/i0.wp.com\/www.tuseichholzremmighausen.de\/wordpress\/wp-content\/uploads\/2026\/03\/tp_55A1978.jpeg?zoom=2&amp;resize=150%2C150&amp;ssl=1 300w, https:\/\/i0.wp.com\/www.tuseichholzremmighausen.de\/wordpress\/wp-content\/uploads\/2026\/03\/tp_55A1978.jpeg?zoom=3&amp;resize=150%2C150&amp;ssl=1 450w\" sizes=\"auto, (max-width: 150px) 100vw, 150px\" data-attachment-id=\"23624\" data-permalink=\"https:\/\/www.tuseichholzremmighausen.de\/wordpress\/archives\/23623\/tp_55a1978\" data-orig-file=\"https:\/\/i0.wp.com\/www.tuseichholzremmighausen.de\/wordpress\/wp-content\/uploads\/2026\/03\/tp_55A1978.jpeg?fit=1200%2C675&amp;ssl=1\" data-orig-size=\"1200,675\" data-comments-opened=\"0\" data-image-meta=\"{&quot;aperture&quot;:&quot;2.8&quot;,&quot;credit&quot;:&quot;ROLF GEHRKE&quot;,&quot;camera&quot;:&quot;Canon EOS R6m2&quot;,&quot;caption&quot;:&quot;&quot;,&quot;created_timestamp&quot;:&quot;1769970366&quot;,&quot;copyright&quot;:&quot;zfts301023&quot;,&quot;focal_length&quot;:&quot;35&quot;,&quot;iso&quot;:&quot;800&quot;,&quot;shutter_speed&quot;:&quot;0.003125&quot;,&quot;title&quot;:&quot;&quot;,&quot;orientation&quot;:&quot;1&quot;}\" data-image-title=\"tp_55A1978\" data-image-description=\"\" data-image-caption=\"\" data-large-file=\"https:\/\/i0.wp.com\/www.tuseichholzremmighausen.de\/wordpress\/wp-content\/uploads\/2026\/03\/tp_55A1978.jpeg?fit=800%2C450&amp;ssl=1\" \/><\/a> <a class=\"title\" href=\"https:\/\/www.tuseichholzremmighausen.de\/wordpress\/archives\/23623\">Frauen feiern Doppelerfolg beim Markant Markt Hofmann Cup 2026<\/a> <span class=\"date\">14. M\u00e4rz 2026<\/span><\/div><\/div>\n","protected":false},"excerpt":{"rendered":"<p>&nbsp; Aktuell k\u00f6nnen sich unsere Juniorinnen mit einem Zweitspielrecht der JSG Diestelbruch Mosebeck anschlie\u00dfen. Ansprechpartner daf\u00fcr sind Deborah Zaus. &nbsp;<\/p>\n","protected":false},"author":56,"featured_media":0,"parent":0,"menu_order":0,"comment_status":"closed","ping_status":"closed","template":"","meta":{"colormag_page_container_layout":"default_layout","colormag_page_sidebar_layout":"default_layout","footnotes":""},"class_list":["post-17432","page","type-page","status-publish","hentry"],"jetpack_sharing_enabled":true,"_links":{"self":[{"href":"https:\/\/www.tuseichholzremmighausen.de\/wordpress\/wp-json\/wp\/v2\/pages\/17432","targetHints":{"allow":["GET"]}}],"collection":[{"href":"https:\/\/www.tuseichholzremmighausen.de\/wordpress\/wp-json\/wp\/v2\/pages"}],"about":[{"href":"https:\/\/www.tuseichholzremmighausen.de\/wordpress\/wp-json\/wp\/v2\/types\/page"}],"author":[{"embeddable":true,"href":"https:\/\/www.tuseichholzremmighausen.de\/wordpress\/wp-json\/wp\/v2\/users\/56"}],"replies":[{"embeddable":true,"href":"https:\/\/www.tuseichholzremmighausen.de\/wordpress\/wp-json\/wp\/v2\/comments?post=17432"}],"version-history":[{"count":0,"href":"https:\/\/www.tuseichholzremmighausen.de\/wordpress\/wp-json\/wp\/v2\/pages\/17432\/revisions"}],"wp:attachment":[{"href":"https:\/\/www.tuseichholzremmighausen.de\/wordpress\/wp-json\/wp\/v2\/media?parent=17432"}],"curies":[{"name":"wp","href":"https:\/\/api.w.org\/{rel}","templated":true}]}}