{"id":18117,"date":"2022-11-17T07:37:36","date_gmt":"2022-11-17T06:37:36","guid":{"rendered":"https:\/\/www.tuseichholzremmighausen.de\/wordpress\/?page_id=18117"},"modified":"2026-01-26T16:01:28","modified_gmt":"2026-01-26T15:01:28","slug":"gehfussball","status":"publish","type":"page","link":"https:\/\/www.tuseichholzremmighausen.de\/wordpress\/gehfussball","title":{"rendered":"Gehfussball"},"content":{"rendered":"<p>Habt ihr Lust, mal wieder die Fu\u00dfballschuhe zu schn\u00fcren und gegen den Ball zu treten? Und das am besten zusammen mit Gleichaltrigen?<\/p>\n<p>Vielleicht spielt ihr noch gelegentlich in eurer AH-\/Freizeit-Mannschaft im Verein? Oder ihr habt schon l\u00e4nger nicht mehr auf dem Platz gestanden, weil es gerade keine Trainingsm\u00f6glichkeit gibt oder die anderen Spieler*innen euch zu schnell, zu jung oder eure Knochen nicht mehr die geschmeidigsten sind? Gerade wenn es noch in den F\u00fc\u00dfen juckt, die Knochen, der ramponierte Knorpel oder der fehlende Meniskus aber die Teilnahme am geregelten Spielbetrieb nicht mehr zulassen, dann ist Gehfu\u00dfball eine echte Alternative.<\/p>\n<p>Egal, welche Voraussetzungen ihr mitbringt, wir m\u00f6chten mit euch ein Fu\u00dfballangebot schaffen, dass euren Vorstellungen entspricht. Gerne laden wir alle Interessierten zu einem Probekick ein, bei dem wir die Rahmenbedingungen f\u00fcr ein regelm\u00e4\u00dfiges Kicken testen. Die wichtigsten zwei Regeln bei uns auf dem Platz lauten: Es wird nicht gerannt und der Spa\u00df an der Bewegung im Team stehen im Vordergrund. Wir sind \u00fcberzeugt, dass Fu\u00dfball auch im Gehen Spa\u00df macht und fit h\u00e4lt und ja, dass Walking Football tats\u00e4chlich Fu\u00dfball ist!<\/p>\n<p>Wenn wir dein Interesse geweckt haben, melde dich gerne bei:<\/p>\n<p>TuS Eichholz Remmighausen e.V.<\/p>\n<h4>Gehfussball<\/h4><br \/><strong>Koordinator Gehfu\u00dfball:<\/strong><br \/><strong>Carsten Schaefer<\/strong> <i class=\"easypromoweb-icon-mobile-3\"><\/i> 0170 60 48 593 <i class=\"easypromoweb-icon-mail-5\"><\/i> <a href=\"mailto:walking.fb@tus-er.de\">walking.fb@tus-er.de<\/a><br \/><br \/><strong>Co-Koordinator Gehfu\u00dfball:<\/strong><br \/><strong>Rainer Helms<\/strong> <i class=\"easypromoweb-icon-mobile-3\"><\/i> 0160 34 97 432 <i class=\"easypromoweb-icon-mail-5\"><\/i> <a href=\"mailto:walking.fb@tus-er.de\">walking.fb@tus-er.de<\/a><br \/>\n<p>&nbsp;<\/p>\n<p>Training<br \/>\nFreitag 18:30 Uhr bis 20:00 Uhr in Remmighausen\/Kunstrasenplatz<\/p>\n<p>&nbsp;<\/p>\n<p>&nbsp;<\/p>\n<p><a href=\"https:\/\/www.tuseichholzremmighausen.de\/wordpress\/archives\/18107\/homepage-fot-bsrnw-2\" rel=\"attachment wp-att-18110\"><img data-recalc-dims=\"1\" loading=\"lazy\" decoding=\"async\" data-attachment-id=\"18110\" data-permalink=\"https:\/\/www.tuseichholzremmighausen.de\/wordpress\/archives\/18107\/homepage-fot-bsrnw-2\" data-orig-file=\"https:\/\/i0.wp.com\/www.tuseichholzremmighausen.de\/wordpress\/wp-content\/uploads\/2022\/11\/Homepage-Fot-BSRNW-1.png?fit=1035%2C1033&amp;ssl=1\" data-orig-size=\"1035,1033\" data-comments-opened=\"0\" data-image-meta=\"{&quot;aperture&quot;:&quot;0&quot;,&quot;credit&quot;:&quot;&quot;,&quot;camera&quot;:&quot;&quot;,&quot;caption&quot;:&quot;&quot;,&quot;created_timestamp&quot;:&quot;0&quot;,&quot;copyright&quot;:&quot;&quot;,&quot;focal_length&quot;:&quot;0&quot;,&quot;iso&quot;:&quot;0&quot;,&quot;shutter_speed&quot;:&quot;0&quot;,&quot;title&quot;:&quot;&quot;,&quot;orientation&quot;:&quot;0&quot;}\" data-image-title=\"Homepage Fot BSRNW\" data-image-description=\"\" data-image-caption=\"\" data-large-file=\"https:\/\/i0.wp.com\/www.tuseichholzremmighausen.de\/wordpress\/wp-content\/uploads\/2022\/11\/Homepage-Fot-BSRNW-1.png?fit=800%2C798&amp;ssl=1\" class=\"aligncenter size-full wp-image-18110\" src=\"https:\/\/i0.wp.com\/www.tuseichholzremmighausen.de\/wordpress\/wp-content\/uploads\/2022\/11\/Homepage-Fot-BSRNW-1.png?resize=800%2C798&#038;ssl=1\" alt=\"\" width=\"800\" height=\"798\" srcset=\"https:\/\/i0.wp.com\/www.tuseichholzremmighausen.de\/wordpress\/wp-content\/uploads\/2022\/11\/Homepage-Fot-BSRNW-1.png?w=1035&amp;ssl=1 1035w, https:\/\/i0.wp.com\/www.tuseichholzremmighausen.de\/wordpress\/wp-content\/uploads\/2022\/11\/Homepage-Fot-BSRNW-1.png?resize=300%2C300&amp;ssl=1 300w, https:\/\/i0.wp.com\/www.tuseichholzremmighausen.de\/wordpress\/wp-content\/uploads\/2022\/11\/Homepage-Fot-BSRNW-1.png?resize=1024%2C1022&amp;ssl=1 1024w, https:\/\/i0.wp.com\/www.tuseichholzremmighausen.de\/wordpress\/wp-content\/uploads\/2022\/11\/Homepage-Fot-BSRNW-1.png?resize=150%2C150&amp;ssl=1 150w, https:\/\/i0.wp.com\/www.tuseichholzremmighausen.de\/wordpress\/wp-content\/uploads\/2022\/11\/Homepage-Fot-BSRNW-1.png?resize=768%2C767&amp;ssl=1 768w\" sizes=\"auto, (max-width: 800px) 100vw, 800px\" \/><\/a><\/p>\n<hr \/>\n<h2 class=\"display-posts-title\">Letzte Beitr\u00e4ge<\/h2>\n<div class=\"display-posts-listing image-left\"><div class=\"listing-item\"><a class=\"image\" href=\"https:\/\/www.tuseichholzremmighausen.de\/wordpress\/archives\/23559\"><img loading=\"lazy\" decoding=\"async\" width=\"150\" height=\"150\" src=\"https:\/\/i0.wp.com\/www.tuseichholzremmighausen.de\/wordpress\/wp-content\/uploads\/2026\/02\/IMG_20260215_092130_800_x_600_pixel.jpg?resize=150%2C150&amp;ssl=1\" class=\"attachment-thumbnail size-thumbnail wp-post-image\" alt=\"\" srcset=\"https:\/\/i0.wp.com\/www.tuseichholzremmighausen.de\/wordpress\/wp-content\/uploads\/2026\/02\/IMG_20260215_092130_800_x_600_pixel.jpg?resize=150%2C150&amp;ssl=1 150w, https:\/\/i0.wp.com\/www.tuseichholzremmighausen.de\/wordpress\/wp-content\/uploads\/2026\/02\/IMG_20260215_092130_800_x_600_pixel.jpg?zoom=2&amp;resize=150%2C150&amp;ssl=1 300w, https:\/\/i0.wp.com\/www.tuseichholzremmighausen.de\/wordpress\/wp-content\/uploads\/2026\/02\/IMG_20260215_092130_800_x_600_pixel.jpg?zoom=3&amp;resize=150%2C150&amp;ssl=1 450w\" sizes=\"auto, (max-width: 150px) 100vw, 150px\" data-attachment-id=\"23554\" data-permalink=\"https:\/\/www.tuseichholzremmighausen.de\/wordpress\/img_20260215_092130_800_x_600_pixel\" data-orig-file=\"https:\/\/i0.wp.com\/www.tuseichholzremmighausen.de\/wordpress\/wp-content\/uploads\/2026\/02\/IMG_20260215_092130_800_x_600_pixel.jpg?fit=800%2C600&amp;ssl=1\" data-orig-size=\"800,600\" data-comments-opened=\"0\" data-image-meta=\"{&quot;aperture&quot;:&quot;0&quot;,&quot;credit&quot;:&quot;&quot;,&quot;camera&quot;:&quot;&quot;,&quot;caption&quot;:&quot;&quot;,&quot;created_timestamp&quot;:&quot;0&quot;,&quot;copyright&quot;:&quot;&quot;,&quot;focal_length&quot;:&quot;0&quot;,&quot;iso&quot;:&quot;0&quot;,&quot;shutter_speed&quot;:&quot;0&quot;,&quot;title&quot;:&quot;&quot;,&quot;orientation&quot;:&quot;0&quot;}\" data-image-title=\"IMG_20260215_092130_(800_x_600_pixel)\" data-image-description=\"\" data-image-caption=\"\" data-large-file=\"https:\/\/i0.wp.com\/www.tuseichholzremmighausen.de\/wordpress\/wp-content\/uploads\/2026\/02\/IMG_20260215_092130_800_x_600_pixel.jpg?fit=800%2C600&amp;ssl=1\" \/><\/a> <a class=\"title\" href=\"https:\/\/www.tuseichholzremmighausen.de\/wordpress\/archives\/23559\">Walking Footballer gewinnen endlich ihren ersten Pokal \ud83d\ude09<\/a> <span class=\"date\">26. Februar 2026<\/span><\/div><div class=\"listing-item\"><a class=\"image\" href=\"https:\/\/www.tuseichholzremmighausen.de\/wordpress\/archives\/23454\"><img loading=\"lazy\" decoding=\"async\" width=\"150\" height=\"150\" src=\"https:\/\/i0.wp.com\/www.tuseichholzremmighausen.de\/wordpress\/wp-content\/uploads\/2026\/01\/IMG_20260128_193647_800_x_600_pixel.jpg?resize=150%2C150&amp;ssl=1\" class=\"attachment-thumbnail size-thumbnail wp-post-image\" alt=\"\" srcset=\"https:\/\/i0.wp.com\/www.tuseichholzremmighausen.de\/wordpress\/wp-content\/uploads\/2026\/01\/IMG_20260128_193647_800_x_600_pixel.jpg?resize=150%2C150&amp;ssl=1 150w, https:\/\/i0.wp.com\/www.tuseichholzremmighausen.de\/wordpress\/wp-content\/uploads\/2026\/01\/IMG_20260128_193647_800_x_600_pixel.jpg?zoom=2&amp;resize=150%2C150&amp;ssl=1 300w, https:\/\/i0.wp.com\/www.tuseichholzremmighausen.de\/wordpress\/wp-content\/uploads\/2026\/01\/IMG_20260128_193647_800_x_600_pixel.jpg?zoom=3&amp;resize=150%2C150&amp;ssl=1 450w\" sizes=\"auto, (max-width: 150px) 100vw, 150px\" data-attachment-id=\"23455\" data-permalink=\"https:\/\/www.tuseichholzremmighausen.de\/wordpress\/img_20260128_193647_800_x_600_pixel\" data-orig-file=\"https:\/\/i0.wp.com\/www.tuseichholzremmighausen.de\/wordpress\/wp-content\/uploads\/2026\/01\/IMG_20260128_193647_800_x_600_pixel.jpg?fit=800%2C600&amp;ssl=1\" data-orig-size=\"800,600\" data-comments-opened=\"0\" data-image-meta=\"{&quot;aperture&quot;:&quot;0&quot;,&quot;credit&quot;:&quot;&quot;,&quot;camera&quot;:&quot;&quot;,&quot;caption&quot;:&quot;&quot;,&quot;created_timestamp&quot;:&quot;0&quot;,&quot;copyright&quot;:&quot;&quot;,&quot;focal_length&quot;:&quot;0&quot;,&quot;iso&quot;:&quot;0&quot;,&quot;shutter_speed&quot;:&quot;0&quot;,&quot;title&quot;:&quot;&quot;,&quot;orientation&quot;:&quot;0&quot;}\" data-image-title=\"IMG_20260128_193647_(800_x_600_pixel)\" data-image-description=\"\" data-image-caption=\"\" data-large-file=\"https:\/\/i0.wp.com\/www.tuseichholzremmighausen.de\/wordpress\/wp-content\/uploads\/2026\/01\/IMG_20260128_193647_800_x_600_pixel.jpg?fit=800%2C600&amp;ssl=1\" \/><\/a> <a class=\"title\" href=\"https:\/\/www.tuseichholzremmighausen.de\/wordpress\/archives\/23454\">Zertifikats Pr\u00fcfung in Kaiserau<\/a> <span class=\"date\">28. Januar 2026<\/span><\/div><div class=\"listing-item\"><a class=\"image\" href=\"https:\/\/www.tuseichholzremmighausen.de\/wordpress\/archives\/23320\"><img loading=\"lazy\" decoding=\"async\" width=\"150\" height=\"150\" src=\"https:\/\/i0.wp.com\/www.tuseichholzremmighausen.de\/wordpress\/wp-content\/uploads\/2025\/11\/IMG-20251129-WA0003-e1764524377180.jpg?resize=150%2C150&amp;ssl=1\" class=\"attachment-thumbnail size-thumbnail wp-post-image\" alt=\"\" srcset=\"https:\/\/i0.wp.com\/www.tuseichholzremmighausen.de\/wordpress\/wp-content\/uploads\/2025\/11\/IMG-20251129-WA0003-e1764524377180.jpg?w=523&amp;ssl=1 523w, https:\/\/i0.wp.com\/www.tuseichholzremmighausen.de\/wordpress\/wp-content\/uploads\/2025\/11\/IMG-20251129-WA0003-e1764524377180.jpg?resize=300%2C300&amp;ssl=1 300w, https:\/\/i0.wp.com\/www.tuseichholzremmighausen.de\/wordpress\/wp-content\/uploads\/2025\/11\/IMG-20251129-WA0003-e1764524377180.jpg?resize=150%2C150&amp;ssl=1 150w\" sizes=\"auto, (max-width: 150px) 100vw, 150px\" data-attachment-id=\"23318\" data-permalink=\"https:\/\/www.tuseichholzremmighausen.de\/wordpress\/img-20251129-wa0003\" data-orig-file=\"https:\/\/i0.wp.com\/www.tuseichholzremmighausen.de\/wordpress\/wp-content\/uploads\/2025\/11\/IMG-20251129-WA0003-e1764524377180.jpg?fit=523%2C521&amp;ssl=1\" data-orig-size=\"523,521\" data-comments-opened=\"0\" data-image-meta=\"{&quot;aperture&quot;:&quot;0&quot;,&quot;credit&quot;:&quot;&quot;,&quot;camera&quot;:&quot;&quot;,&quot;caption&quot;:&quot;&quot;,&quot;created_timestamp&quot;:&quot;0&quot;,&quot;copyright&quot;:&quot;&quot;,&quot;focal_length&quot;:&quot;0&quot;,&quot;iso&quot;:&quot;0&quot;,&quot;shutter_speed&quot;:&quot;0&quot;,&quot;title&quot;:&quot;&quot;,&quot;orientation&quot;:&quot;0&quot;}\" data-image-title=\"IMG-20251129-WA0003\" data-image-description=\"\" data-image-caption=\"\" data-large-file=\"https:\/\/i0.wp.com\/www.tuseichholzremmighausen.de\/wordpress\/wp-content\/uploads\/2025\/11\/IMG-20251129-WA0003-e1764524377180.jpg?fit=523%2C521&amp;ssl=1\" \/><\/a> <a class=\"title\" href=\"https:\/\/www.tuseichholzremmighausen.de\/wordpress\/archives\/23320\">Mehr Walking als Football \ud83d\ude09<\/a> <span class=\"date\">30. November 2025<\/span><\/div><div class=\"listing-item\"><a class=\"image\" href=\"https:\/\/www.tuseichholzremmighausen.de\/wordpress\/archives\/22897\"><img loading=\"lazy\" decoding=\"async\" width=\"150\" height=\"150\" src=\"https:\/\/i0.wp.com\/www.tuseichholzremmighausen.de\/wordpress\/wp-content\/uploads\/2025\/08\/IMG_20250823_164211_800_x_600_pixel.jpg?resize=150%2C150&amp;ssl=1\" class=\"attachment-thumbnail size-thumbnail wp-post-image\" alt=\"\" srcset=\"https:\/\/i0.wp.com\/www.tuseichholzremmighausen.de\/wordpress\/wp-content\/uploads\/2025\/08\/IMG_20250823_164211_800_x_600_pixel.jpg?resize=150%2C150&amp;ssl=1 150w, https:\/\/i0.wp.com\/www.tuseichholzremmighausen.de\/wordpress\/wp-content\/uploads\/2025\/08\/IMG_20250823_164211_800_x_600_pixel.jpg?zoom=2&amp;resize=150%2C150&amp;ssl=1 300w, https:\/\/i0.wp.com\/www.tuseichholzremmighausen.de\/wordpress\/wp-content\/uploads\/2025\/08\/IMG_20250823_164211_800_x_600_pixel.jpg?zoom=3&amp;resize=150%2C150&amp;ssl=1 450w\" sizes=\"auto, (max-width: 150px) 100vw, 150px\" data-attachment-id=\"22892\" data-permalink=\"https:\/\/www.tuseichholzremmighausen.de\/wordpress\/img_20250823_164211_800_x_600_pixel\" data-orig-file=\"https:\/\/i0.wp.com\/www.tuseichholzremmighausen.de\/wordpress\/wp-content\/uploads\/2025\/08\/IMG_20250823_164211_800_x_600_pixel.jpg?fit=800%2C600&amp;ssl=1\" data-orig-size=\"800,600\" data-comments-opened=\"0\" data-image-meta=\"{&quot;aperture&quot;:&quot;0&quot;,&quot;credit&quot;:&quot;&quot;,&quot;camera&quot;:&quot;&quot;,&quot;caption&quot;:&quot;&quot;,&quot;created_timestamp&quot;:&quot;0&quot;,&quot;copyright&quot;:&quot;&quot;,&quot;focal_length&quot;:&quot;0&quot;,&quot;iso&quot;:&quot;0&quot;,&quot;shutter_speed&quot;:&quot;0&quot;,&quot;title&quot;:&quot;&quot;,&quot;orientation&quot;:&quot;0&quot;}\" data-image-title=\"IMG_20250823_164211_(800_x_600_pixel)\" data-image-description=\"\" data-image-caption=\"\" data-large-file=\"https:\/\/i0.wp.com\/www.tuseichholzremmighausen.de\/wordpress\/wp-content\/uploads\/2025\/08\/IMG_20250823_164211_800_x_600_pixel.jpg?fit=800%2C600&amp;ssl=1\" \/><\/a> <a class=\"title\" href=\"https:\/\/www.tuseichholzremmighausen.de\/wordpress\/archives\/22897\">7+1 Tore , eine Drohne , R\u00fcckspiel bei den SF \u00d6esterholz\/Kohlstaedt endet feucht fr\u00f6hlich Unentschieden. \ud83d\ude09<\/a> <span class=\"date\">24. August 2025<\/span><\/div><div class=\"listing-item\"><a class=\"image\" href=\"https:\/\/www.tuseichholzremmighausen.de\/wordpress\/archives\/22759\"><img loading=\"lazy\" decoding=\"async\" width=\"150\" height=\"150\" src=\"https:\/\/i0.wp.com\/www.tuseichholzremmighausen.de\/wordpress\/wp-content\/uploads\/2025\/06\/IMG-20250531-WA0192.jpg?resize=150%2C150&amp;ssl=1\" class=\"attachment-thumbnail size-thumbnail wp-post-image\" alt=\"\" srcset=\"https:\/\/i0.wp.com\/www.tuseichholzremmighausen.de\/wordpress\/wp-content\/uploads\/2025\/06\/IMG-20250531-WA0192.jpg?resize=150%2C150&amp;ssl=1 150w, https:\/\/i0.wp.com\/www.tuseichholzremmighausen.de\/wordpress\/wp-content\/uploads\/2025\/06\/IMG-20250531-WA0192.jpg?zoom=2&amp;resize=150%2C150&amp;ssl=1 300w, https:\/\/i0.wp.com\/www.tuseichholzremmighausen.de\/wordpress\/wp-content\/uploads\/2025\/06\/IMG-20250531-WA0192.jpg?zoom=3&amp;resize=150%2C150&amp;ssl=1 450w\" sizes=\"auto, (max-width: 150px) 100vw, 150px\" data-attachment-id=\"22757\" data-permalink=\"https:\/\/www.tuseichholzremmighausen.de\/wordpress\/img-20250531-wa0192\" data-orig-file=\"https:\/\/i0.wp.com\/www.tuseichholzremmighausen.de\/wordpress\/wp-content\/uploads\/2025\/06\/IMG-20250531-WA0192.jpg?fit=2048%2C1536&amp;ssl=1\" data-orig-size=\"2048,1536\" data-comments-opened=\"0\" data-image-meta=\"{&quot;aperture&quot;:&quot;0&quot;,&quot;credit&quot;:&quot;&quot;,&quot;camera&quot;:&quot;&quot;,&quot;caption&quot;:&quot;&quot;,&quot;created_timestamp&quot;:&quot;0&quot;,&quot;copyright&quot;:&quot;&quot;,&quot;focal_length&quot;:&quot;0&quot;,&quot;iso&quot;:&quot;0&quot;,&quot;shutter_speed&quot;:&quot;0&quot;,&quot;title&quot;:&quot;&quot;,&quot;orientation&quot;:&quot;0&quot;}\" data-image-title=\"IMG-20250531-WA0192\" data-image-description=\"\" data-image-caption=\"\" data-large-file=\"https:\/\/i0.wp.com\/www.tuseichholzremmighausen.de\/wordpress\/wp-content\/uploads\/2025\/06\/IMG-20250531-WA0192.jpg?fit=800%2C600&amp;ssl=1\" \/><\/a> <a class=\"title\" href=\"https:\/\/www.tuseichholzremmighausen.de\/wordpress\/archives\/22759\">TuS Walking Football vs. SF Oesterholz Kohlst\u00e4dt \/ Rock,n Balls in Schwarz Wei\u00df<\/a> <span class=\"date\">1. Juni 2025<\/span><\/div><\/div>\n","protected":false},"excerpt":{"rendered":"<p>Habt ihr Lust, mal wieder die Fu\u00dfballschuhe zu schn\u00fcren und gegen den Ball zu treten? Und das am besten zusammen<\/p>\n","protected":false},"author":56,"featured_media":21884,"parent":0,"menu_order":0,"comment_status":"closed","ping_status":"closed","template":"","meta":{"colormag_page_container_layout":"default_layout","colormag_page_sidebar_layout":"default_layout","footnotes":""},"class_list":["post-18117","page","type-page","status-publish","has-post-thumbnail","hentry"],"jetpack_sharing_enabled":true,"_links":{"self":[{"href":"https:\/\/www.tuseichholzremmighausen.de\/wordpress\/wp-json\/wp\/v2\/pages\/18117","targetHints":{"allow":["GET"]}}],"collection":[{"href":"https:\/\/www.tuseichholzremmighausen.de\/wordpress\/wp-json\/wp\/v2\/pages"}],"about":[{"href":"https:\/\/www.tuseichholzremmighausen.de\/wordpress\/wp-json\/wp\/v2\/types\/page"}],"author":[{"embeddable":true,"href":"https:\/\/www.tuseichholzremmighausen.de\/wordpress\/wp-json\/wp\/v2\/users\/56"}],"replies":[{"embeddable":true,"href":"https:\/\/www.tuseichholzremmighausen.de\/wordpress\/wp-json\/wp\/v2\/comments?post=18117"}],"version-history":[{"count":0,"href":"https:\/\/www.tuseichholzremmighausen.de\/wordpress\/wp-json\/wp\/v2\/pages\/18117\/revisions"}],"wp:featuredmedia":[{"embeddable":true,"href":"https:\/\/www.tuseichholzremmighausen.de\/wordpress\/wp-json\/wp\/v2\/media\/21884"}],"wp:attachment":[{"href":"https:\/\/www.tuseichholzremmighausen.de\/wordpress\/wp-json\/wp\/v2\/media?parent=18117"}],"curies":[{"name":"wp","href":"https:\/\/api.w.org\/{rel}","templated":true}]}}