{"id":3440,"date":"2012-03-22T14:26:06","date_gmt":"2012-03-22T13:26:06","guid":{"rendered":"http:\/\/www.tuseichholzremmighausen.de\/wordpress\/?page_id=3440"},"modified":"2023-04-12T07:16:08","modified_gmt":"2023-04-12T05:16:08","slug":"jubilaums-festprogramm","status":"publish","type":"page","link":"https:\/\/www.tuseichholzremmighausen.de\/wordpress\/100-jahre-tus\/jubilaums-festprogramm","title":{"rendered":"Festprogramm"},"content":{"rendered":"<p>Das Jubil\u00e4ums-Festprogramm des TuS Eichholz-Remmighausen<br \/>\nzum 100-J\u00e4hrigen Bestehen<img data-recalc-dims=\"1\" decoding=\"async\" title=\"Weiterlesen \u2026\" src=\"https:\/\/i0.wp.com\/www.tuseichholzremmighausen.de\/wordpress\/wp-includes\/js\/tinymce\/plugins\/wordpress\/img\/trans.gif?w=800&#038;ssl=1\" alt=\"\" \/><\/p>\n<p><strong>Beginn im Fr\u00fchjahr<\/strong><br \/>\n\n<table id=\"tablepress-62\" class=\"tablepress tablepress-id-62\">\n<tbody>\n<tr class=\"row-1\">\n\t<td class=\"column-1\"><b>25. 3. 2012<\/b><br \/>\r\nSonntag ab 14:00 Uhr<\/td><td class=\"column-2\"><b>Handball-Mini-Abschlussturnier<\/b><br \/>\r\nVeranstalter Handballkreis Lippe, ausgerichtet vom TuS Eichholz-Remmighausen in der Sporthalle des Leopoldinum <\/td>\n<\/tr>\n<tr class=\"row-2\">\n\t<td class=\"column-1\"><b>5. 5. 2012<\/b><br \/>\r\nSamstag ab 15:00 Uhr<\/td><td class=\"column-2\"><b>14. Lippe Dance-Cup<\/b><br \/>\r\nVeranstalter Lippischer Turngau e.V. ausgerichtet vom TuS Eichholz-Remmighausen in Detmold  <\/td>\n<\/tr>\n<\/tbody>\n<\/table>\n<!-- #tablepress-62 from cache --><br \/>\n<span style=\"font-size: large;\"><strong>Gro\u00dfes Festwochenende 1. &#8211; 3. Juni\u00a0 <\/strong><\/span><br \/>\n<strong>TuS kulinarisch &#8211; rund ums Festzelt<br \/>\n<\/strong>\n<table id=\"tablepress-63\" class=\"tablepress tablepress-id-63\">\n<tbody>\n<tr class=\"row-1\">\n\t<td class=\"column-1\"><b>1. 6. 2012<\/b><br \/>\r\nFreitag  ab 19:00 Uhr<\/td><td class=\"column-2\"><b>Festkommers<\/b><br \/>\r\nim Festzelt f\u00fcr Mitglieder, Freunde und Ehreng\u00e4ste. Gru\u00dfworte und Ehrungen mit musikalischer Begleitung durch \u201eAbraxSax\u201c \t<\/td>\n<\/tr>\n<tr class=\"row-2\">\n\t<td class=\"column-1\"><\/td><td class=\"column-2\">Anschlie\u00dfend: <b>Jubil\u00e4ums-Party <\/b>mit DJ DIXI \tEintritt frei!<\/td>\n<\/tr>\n<tr class=\"row-3\">\n\t<td class=\"column-1\"><b>2. 6. 2012<\/b><br \/>\r\nSamstag  ab 14:00 Uhr<\/td><td class=\"column-2\">Er\u00f6ffnung der <b>Aktiv-Meile<\/b> \u201eIn der Fried\u201c, mit der Trommelgruppe \u201eLolonyo\u201c<\/td>\n<\/tr>\n<tr class=\"row-4\">\n\t<td class=\"column-1\">17:30 Uhr<\/td><td class=\"column-2\">Ziehung der Gewinner des <b>Jubil\u00e4ums-Quiz<\/b> auf dem Festgel\u00e4nde<\/td>\n<\/tr>\n<tr class=\"row-5\">\n\t<td class=\"column-1\">19:30 Uhr<\/td><td class=\"column-2\"><b>Tanz im Festzelt <\/b>mit der Cityband Bielefeld<br \/>\r\nEintritt: Sch\u00fcler\/Studenten 8 \u20ac, Erwachsene 10 \u20ac <br \/>\r\n<\/td>\n<\/tr>\n<tr class=\"row-6\">\n\t<td class=\"column-1\"><b>3. 6. 2012<\/b><br \/>\r\nSonntag  ab 11:00 Uhr<\/td><td class=\"column-2\"><b>Fr\u00fchschoppen im Festzelt\t<\/b><br \/>\r\nFu\u00dfball-Meisterschaftsspiele <br \/>\r\n<\/td>\n<\/tr>\n<\/tbody>\n<\/table>\n<!-- #tablepress-63 from cache --><br \/>\n<strong><strong>Weiter im Sommer und Herbst<br \/>\n<\/strong><\/strong>\n<table id=\"tablepress-65\" class=\"tablepress tablepress-id-65\">\n<tbody>\n<tr class=\"row-1\">\n\t<td class=\"column-1\"><b>7. 7. 2012<\/b><br \/>\r\nSamstag ab 9:30 Uhr<\/td><td class=\"column-2\"><b>Schachseminar<\/b>und <b>Simultanturnier<\/b> mit dem internationalen Schachmeister W. Beckemeier im \u201eRemikenhus\u201c<\/td>\n<\/tr>\n<tr class=\"row-2\">\n\t<td class=\"column-1\"><b>8. 7. 2012<\/b><br \/>\r\nSonntag ab 10:00 Uhr<\/td><td class=\"column-2\"><b>11. Offene Detmolder Stadtmeisterschaften<\/b> im Schnellschach im \u201eRemikenhus\u201c <br \/>\r\n<br \/>\r\n<\/td>\n<\/tr>\n<tr class=\"row-3\">\n\t<td class=\"column-1\"><b>31.8. - 2.9.12<\/b><br \/>\r\nFreitag ab 18:00 Uhr<\/td><td class=\"column-2\"><b>Alt Herren-Turnier <\/b><br \/>\r\nauf dem Sportplatz in Remmighausen<\/td>\n<\/tr>\n<tr class=\"row-4\">\n\t<td class=\"column-1\"><b>22. 9. 2012<\/b><br \/>\r\nSamstag ab 9:00 Uhr<\/td><td class=\"column-2\"><b>7. u11-Bundesliga-Jugendturnier <\/b><br \/>\r\nauf dem Sportplatz in Remmighausen<br \/>\r\n<\/td>\n<\/tr>\n<tr class=\"row-5\">\n\t<td class=\"column-1\"><b>17. 11. 2012<\/b><br \/>\r\n<\/td><td class=\"column-2\">Die <b>SportShow in Detmold <\/b><br \/>\r\nein Leckerbissen f\u00fcr alle Sportbegeisterten \u2013 eine Show rund um den Sport!<\/td>\n<\/tr>\n<\/tbody>\n<\/table>\n<!-- #tablepress-65 from cache --><strong><br \/>\n<\/strong><\/p>\n","protected":false},"excerpt":{"rendered":"<p>Das Jubil\u00e4ums-Festprogramm des TuS Eichholz-Remmighausen zum 100-J\u00e4hrigen Bestehen Beginn im Fr\u00fchjahr Gro\u00dfes Festwochenende 1. &#8211; 3. Juni\u00a0 TuS kulinarisch &#8211;<\/p>\n","protected":false},"author":2,"featured_media":0,"parent":3443,"menu_order":0,"comment_status":"closed","ping_status":"closed","template":"","meta":{"colormag_page_container_layout":"default_layout","colormag_page_sidebar_layout":"default_layout","footnotes":""},"class_list":["post-3440","page","type-page","status-publish","hentry"],"jetpack_sharing_enabled":true,"_links":{"self":[{"href":"https:\/\/www.tuseichholzremmighausen.de\/wordpress\/wp-json\/wp\/v2\/pages\/3440","targetHints":{"allow":["GET"]}}],"collection":[{"href":"https:\/\/www.tuseichholzremmighausen.de\/wordpress\/wp-json\/wp\/v2\/pages"}],"about":[{"href":"https:\/\/www.tuseichholzremmighausen.de\/wordpress\/wp-json\/wp\/v2\/types\/page"}],"author":[{"embeddable":true,"href":"https:\/\/www.tuseichholzremmighausen.de\/wordpress\/wp-json\/wp\/v2\/users\/2"}],"replies":[{"embeddable":true,"href":"https:\/\/www.tuseichholzremmighausen.de\/wordpress\/wp-json\/wp\/v2\/comments?post=3440"}],"version-history":[{"count":0,"href":"https:\/\/www.tuseichholzremmighausen.de\/wordpress\/wp-json\/wp\/v2\/pages\/3440\/revisions"}],"up":[{"embeddable":true,"href":"https:\/\/www.tuseichholzremmighausen.de\/wordpress\/wp-json\/wp\/v2\/pages\/3443"}],"wp:attachment":[{"href":"https:\/\/www.tuseichholzremmighausen.de\/wordpress\/wp-json\/wp\/v2\/media?parent=3440"}],"curies":[{"name":"wp","href":"https:\/\/api.w.org\/{rel}","templated":true}]}}