{"id":3443,"date":"2012-03-22T15:11:11","date_gmt":"2012-03-22T14:11:11","guid":{"rendered":"http:\/\/www.tuseichholzremmighausen.de\/wordpress\/?page_id=3443"},"modified":"2023-04-12T07:10:59","modified_gmt":"2023-04-12T05:10:59","slug":"100-jahre-tus","status":"publish","type":"page","link":"https:\/\/www.tuseichholzremmighausen.de\/wordpress\/100-jahre-tus","title":{"rendered":"100 Jahre TuS"},"content":{"rendered":"<h4>Die Berichterstattung zum Jubil\u00e4um im Jahr 2012 in Einzelbeitr\u00e4gen:<\/h4>\n<p><a href=\"https:\/\/www.tuseichholzremmighausen.de\/wordpress\/100-jahre-tus\/jubilaums-festprogramm\" target=\"_blank\" rel=\"noopener\">100 Jahre TuS &#8211; Das Festprogramm<br \/>\n100 Jahre TuS \u2013 Wir sind vorbereitet<br \/>\n100 Jahre TuS &#8211; Festschrift<br \/>\n100 Jahre TuS \u2013 Tanz im Festzelt<br \/>\n100 Jahre TuS \u2013 Start ins Wochenende<br \/>\n100 Jahre TuS \u2013 Radio Lippe<br \/>\n100 Jahre TuS \u2013 LZ-Online<br \/>\n100 Jahre TuS \u2013 Aktiv-Meile<br \/>\n<\/a><a href=\"https:\/\/www.tuseichholzremmighausen.de\/wordpress\/archives\/3843\" target=\"_blank\" rel=\"noopener\">100 Jahre TuS \u2013 Der Jubil\u00e4ums-Quiz<br \/>\n<\/a> <a href=\"https:\/\/www.tuseichholzremmighausen.de\/wordpress\/archives\/4331\" target=\"_blank\" rel=\"noopener\">100 Jahre TuS &#8211; Gewinneinl\u00f6sung\u00a0 <\/a><br \/>\n<a href=\"https:\/\/www.tuseichholzremmighausen.de\/wordpress\/archives\/3854\" target=\"_blank\" rel=\"noopener\">100 Jahre TuS \u2013 Festkommers am Freitagabend<\/a><br \/>\n<a href=\"https:\/\/www.tuseichholzremmighausen.de\/wordpress\/archives\/3856\" target=\"_blank\" rel=\"noopener\">100 Jahre TuS \u2013 Jubil\u00e4umsparty<\/a><br \/>\n<a href=\"https:\/\/www.tuseichholzremmighausen.de\/wordpress\/archives\/3816\" target=\"_blank\" rel=\"noopener\">100 Jahre TuS \u2013 tolle Unterst\u00fctzung durch Sponsoren<\/a><br \/>\n<a href=\"https:\/\/www.tuseichholzremmighausen.de\/wordpress\/archives\/3858\" target=\"_blank\" rel=\"noopener\">100 Jahre TuS \u2013 Aktiv-Meile<\/a><br \/>\n<a href=\"https:\/\/www.tuseichholzremmighausen.de\/wordpress\/archives\/3860\" target=\"_blank\" rel=\"noopener\">100 Jahre TuS \u2013 Aktiv-Meile Mix (1) <\/a><br \/>\n<a href=\"https:\/\/www.tuseichholzremmighausen.de\/wordpress\/archives\/3861\" target=\"_blank\" rel=\"noopener\">100 Jahre TuS \u2013 Aktiv-Meile Mix (2)<\/a><br \/>\n<a href=\"https:\/\/www.tuseichholzremmighausen.de\/wordpress\/archives\/4331\" target=\"_blank\" rel=\"noopener\">100 Jahre TuS \u2013 Fotoshooting auf der Aktivmeile<br \/>\n100 Jahre TuS \u2013 Cityband Bielefeld<br \/>\n<\/a><\/p>\n<h4>Einf\u00fchrende Worte zum Jubil\u00e4um vom Festausschuss<\/h4>\n<p>Vor 100 Jahren, im April 1912 wurde der <strong>TuS<\/strong> als \u201eFrisch-Auf\u201c Eichholz-Remmighausen gegr\u00fcndet. Es waren schwierige Zeiten damals, vor dem 1. Weltkrieg (1914-18). Vorwiegend Turnen wurde auf dem Saal des Dreierkrugs in Eichholz von etwa 30 Vereinsmitgliedern ausge\u00fcbt, Rasensportarten waren noch unbekannt. Das Turnen ging solange gut, bis der Saal im Dreierkrug als Lazarett f\u00fcr Verwundete des Krieges eingerichtet wurde!<\/p>\n<p>Durch den 2. Weltkrieg (1939-45) mit den politischen Wirren wird es nicht einfacher. Neben dem Turnverein \u201eFrisch-Auf\u201c existieren die Vereine \u201eTurnverein Eichholz-Remmighausen\u201c und der \u201eArbeitersportverein ASV\u201c sowie der \u201eKraftsportverein Herold\u201c. Alle werden schlie\u00dflich 1940 aufgel\u00f6st und direkt nach Kriegsende wird der <strong>TuS<\/strong> gegr\u00fcndet, der so bis heute mit wechselnden Abteilungen Bestand hat. Um Spork-Eichholz und Remmighausen gab es nie Diskussionen. Das Miteinander der beiden Ortsteile ist bezeichnend und Vorbild f\u00fcr das Vereinsleben.<\/p>\n<p>Heute kann man sich die vergangenen Zeiten nicht mehr vorstellen. Es stehen Sportanlagen f\u00fcr den Hallensport, wie auch f\u00fcr den (Kunst-) Rasensport zur Verf\u00fcgung. Es gibt sicher \u201ewoanders\u201c immer noch bessere Bedingungen, aber der <strong>TuS<\/strong> mit seinen 1100 Mitgliedern kann f\u00fcr die \u00fcber 30 Sportarten, die angeboten werden, durch die vorhandenen Rahmenbedingungen und Strukturen mit viel Eigeninitiative f\u00fcr gute\u00a0 Trainingsbedingungen sorgen.<\/p>\n<p>Die Gefahren in Form des demographischen Wandels, Facebook, Internet und Co., machen auch nicht Halt vor dem <strong>TuS<\/strong>, wir selbst betreiben erfolgreich eine Website! 1100 Mitglieder, es waren einmal 1200, dokumentieren, dass der Mitgliederr\u00fcckgang noch \u00fcberschaubar ist. OGS und beispielsweise Fitness-Studios verlangen jedoch, dass man sich des Themas \u201eZukunft\u201c\u00a0 ernsthaft annimmt, das geschieht auch heute schon.<\/p>\n<p>Der <strong>TuS<\/strong> bietet eine beispielhafte integrative Jugendarbeit. Diese aufrechtzuerhalten, ist nur durch gut ausgebildete \u00dcbungsleiter und Trainer m\u00f6glich, die mit der jeweiligen Abteilungsf\u00fchrung Konzepte ausarbeiten. In den Abteilungen hat es im letzten Jahrzehnt zudem einen Wandel gegeben. Im Jugendbereich stehen die zahlenm\u00e4\u00dfig zunehmenden Tanzgruppen hinter den Ballsportarten keineswegs mehr zur\u00fcck! Moderne Sportangebote, wie \u201eTai Chi\u201c oder \u201eEinrad\u201c sind zudem kein Fremdwort f\u00fcr unsere Vereinsmitglieder. Wichtig wird es sein, das Angebot des Vereins zuk\u00fcnftig noch flexibler auf das Freizeitverhalten der Sportler abzustimmen und\u00a0 Begriffe, wie \u201emodern\u201c, \u201eoffen\u201c und \u201ecool\u201c mit dem <strong>TuS<\/strong> zu verkn\u00fcpfen. Es gibt nat\u00fcrlich auch vielf\u00e4ltige unterschiedliche Angebote f\u00fcr \u201eJunggebliebene\u201c und alle, die auch mit zunehmendem Alter sich bewegen und fit bleiben wollen.<\/p>\n<p>Wir leisten als Sportverein heute wichtige sozialpolitische Aufgaben. Mehr und mehr werden wir jedoch in den M\u00f6glichkeiten eingeschr\u00e4nkt. Der Tr\u00e4ger der von den Sportvereinen genutzten Sporthallen und Sportpl\u00e4tze verschiebt immer mehr Aufgaben\/Kosten hin zu den Vereinen, ohne einen Ausgleich anbieten zu k\u00f6nnen. Vieles l\u00e4sst sich kompensieren, der <strong>TuS<\/strong> erreicht dieses u.a. durch starkes Engagement in den Abteilungen. Doch fehlt es an einem gesellschaftlichen Konsens, wie das zuk\u00fcnftig aufrechtzuerhalten ist.<\/p>\n<p>Ein Geburtstag ist immer etwas Besonderes, ein <strong>100-j\u00e4hriges Jubil\u00e4um<\/strong> um so mehr. Wir feiern unser 100-J\u00e4hriges selbstbewusst und mit Stolz. Dies wird durch vielf\u00e4ltige Veranstaltungen dokumentiert, die sich \u00fcber das ganze Jahr hin erstrecken. Wir w\u00fcnschen uns, dass unser Jubil\u00e4um f\u00fcr unsere Mitglieder und Freunde etwas ganz Besonderes wird. Die Hauptveranstaltung des <strong>TuS<\/strong> ist das <strong>Festwochenende vom 1. bis 3. Juni<\/strong>. Das Festprogramm mit \u201e<strong>Festkommers<\/strong>\u201c, \u201e<strong>Aktiv-Meile<\/strong>\u201c, \u201e<strong>Jubil\u00e4umsquiz<\/strong>\u201c und dem \u201e<strong>Tanz im Festzelt<\/strong>\u201c entnehmen Sie bitte der Festschrift, die ab Ende April zu erhalten ist.<\/p>\n<p>Das Vereinslokal, ob \u201eSigges\u201c oder \u201eDreierkrug\u201c war fr\u00fcher erste Adresse f\u00fcr Gemeinsames im Verein und im Ort. Nach Aufgabe der Lokalit\u00e4ten investierte der <strong>TuS<\/strong> in das Jugendheim. Nachdem die Nutzung jahrelang optimal verlief, steht hinter der weiteren Nutzung des Jugendheims ein gro\u00dfes Fragezeichen. Ein Ausweichen auf das Remikenhus stellt keine L\u00f6sung dar. Der Verein ist von Beschr\u00e4nkungen betroffen, die die Vereinsarbeit zuk\u00fcnftig ungemein erschweren. Weitgehend Einigkeit unter den TuS-Mitgliedern und sicher auch unter den anderen ortsans\u00e4ssigen Organisationen herrscht dar\u00fcber, das die Ortsteile eines Mittelpunktes bed\u00fcrfen. Hier sind Hilfestellung und Eigeninitiative willkommen und notwendig.<\/p>\n<p>21. M\u00e4rz 2012 &#8211; Der Festausschuss<\/p>\n","protected":false},"excerpt":{"rendered":"<p>Die Berichterstattung zum Jubil\u00e4um im Jahr 2012 in Einzelbeitr\u00e4gen: 100 Jahre TuS &#8211; Das Festprogramm 100 Jahre TuS \u2013 Wir<\/p>\n","protected":false},"author":2,"featured_media":0,"parent":0,"menu_order":0,"comment_status":"closed","ping_status":"closed","template":"","meta":{"colormag_page_container_layout":"default_layout","colormag_page_sidebar_layout":"default_layout","footnotes":""},"class_list":["post-3443","page","type-page","status-publish","hentry"],"jetpack_sharing_enabled":true,"_links":{"self":[{"href":"https:\/\/www.tuseichholzremmighausen.de\/wordpress\/wp-json\/wp\/v2\/pages\/3443","targetHints":{"allow":["GET"]}}],"collection":[{"href":"https:\/\/www.tuseichholzremmighausen.de\/wordpress\/wp-json\/wp\/v2\/pages"}],"about":[{"href":"https:\/\/www.tuseichholzremmighausen.de\/wordpress\/wp-json\/wp\/v2\/types\/page"}],"author":[{"embeddable":true,"href":"https:\/\/www.tuseichholzremmighausen.de\/wordpress\/wp-json\/wp\/v2\/users\/2"}],"replies":[{"embeddable":true,"href":"https:\/\/www.tuseichholzremmighausen.de\/wordpress\/wp-json\/wp\/v2\/comments?post=3443"}],"version-history":[{"count":0,"href":"https:\/\/www.tuseichholzremmighausen.de\/wordpress\/wp-json\/wp\/v2\/pages\/3443\/revisions"}],"wp:attachment":[{"href":"https:\/\/www.tuseichholzremmighausen.de\/wordpress\/wp-json\/wp\/v2\/media?parent=3443"}],"curies":[{"name":"wp","href":"https:\/\/api.w.org\/{rel}","templated":true}]}}