{"id":3478,"date":"2012-03-27T20:53:06","date_gmt":"2012-03-27T18:53:06","guid":{"rendered":"http:\/\/www.tuseichholzremmighausen.de\/wordpress\/?page_id=3478"},"modified":"2023-04-12T07:18:12","modified_gmt":"2023-04-12T05:18:12","slug":"1986-1995","status":"publish","type":"page","link":"https:\/\/www.tuseichholzremmighausen.de\/wordpress\/historische-fotos\/1986-1995","title":{"rendered":"1986-1995"},"content":{"rendered":"<ul>\n<ul>\n<li><strong>1986<\/strong>: Turngruppe\n<figure id=\"attachment_3527\" aria-describedby=\"caption-attachment-3527\" style=\"width: 600px\" class=\"wp-caption alignleft\"><a href=\"https:\/\/i0.wp.com\/www.tuseichholzremmighausen.de\/wordpress\/wp-content\/uploads\/2012\/03\/chronik_turnen_86_barmeyer_haase.jpg?ssl=1\"><img data-recalc-dims=\"1\" loading=\"lazy\" decoding=\"async\" data-attachment-id=\"3527\" data-permalink=\"https:\/\/www.tuseichholzremmighausen.de\/wordpress\/historische-fotos\/1986-1995\/chronik_turnen_86_barmeyer_haase\" data-orig-file=\"https:\/\/i0.wp.com\/www.tuseichholzremmighausen.de\/wordpress\/wp-content\/uploads\/2012\/03\/chronik_turnen_86_barmeyer_haase.jpg?fit=600%2C400&amp;ssl=1\" data-orig-size=\"600,400\" data-comments-opened=\"1\" data-image-meta=\"{&quot;aperture&quot;:&quot;0&quot;,&quot;credit&quot;:&quot;&quot;,&quot;camera&quot;:&quot;&quot;,&quot;caption&quot;:&quot;&quot;,&quot;created_timestamp&quot;:&quot;0&quot;,&quot;copyright&quot;:&quot;&quot;,&quot;focal_length&quot;:&quot;0&quot;,&quot;iso&quot;:&quot;0&quot;,&quot;shutter_speed&quot;:&quot;0&quot;,&quot;title&quot;:&quot;&quot;,&quot;orientation&quot;:&quot;1&quot;}\" data-image-title=\"chronik_turnen_86_barmeyer_haase\" data-image-description=\"\" data-image-caption=\"&lt;p&gt;Urkunde f\u00fcr Alfred Haase&lt;\/p&gt;\n\" data-large-file=\"https:\/\/i0.wp.com\/www.tuseichholzremmighausen.de\/wordpress\/wp-content\/uploads\/2012\/03\/chronik_turnen_86_barmeyer_haase.jpg?fit=600%2C400&amp;ssl=1\" class=\"size-full wp-image-3527\" title=\"chronik_turnen_86_barmeyer_haase\" src=\"https:\/\/i0.wp.com\/www.tuseichholzremmighausen.de\/wordpress\/wp-content\/uploads\/2012\/03\/chronik_turnen_86_barmeyer_haase.jpg?resize=600%2C400&#038;ssl=1\" alt=\"Urkunde f\u00fcr Alfred Haase\" width=\"600\" height=\"400\" srcset=\"https:\/\/i0.wp.com\/www.tuseichholzremmighausen.de\/wordpress\/wp-content\/uploads\/2012\/03\/chronik_turnen_86_barmeyer_haase.jpg?w=600&amp;ssl=1 600w, https:\/\/i0.wp.com\/www.tuseichholzremmighausen.de\/wordpress\/wp-content\/uploads\/2012\/03\/chronik_turnen_86_barmeyer_haase.jpg?resize=300%2C200&amp;ssl=1 300w\" sizes=\"auto, (max-width: 600px) 100vw, 600px\" \/><\/a><figcaption id=\"caption-attachment-3527\" class=\"wp-caption-text\">Urkunde f\u00fcr Alfred Haase<\/figcaption><\/figure>\n<p>&nbsp;<\/li>\n<li><strong>1987<\/strong>: 75 Jahre TuS Eichholz-Remmighausen <a href=\"https:\/\/www.tuseichholzremmighausen.de\/wordpress\/wp-content\/downloads\/tus_75_jahre.pdf\" target=\"_blank\" rel=\"noopener\"><img data-recalc-dims=\"1\" loading=\"lazy\" decoding=\"async\" data-attachment-id=\"1545\" data-permalink=\"https:\/\/www.tuseichholzremmighausen.de\/wordpress\/mitgliedschaft\/grafik_pdf\" data-orig-file=\"https:\/\/i0.wp.com\/www.tuseichholzremmighausen.de\/wordpress\/wp-content\/uploads\/2011\/03\/grafik_pdf.gif?fit=32%2C32&amp;ssl=1\" data-orig-size=\"32,32\" data-comments-opened=\"1\" data-image-meta=\"{&quot;aperture&quot;:&quot;0&quot;,&quot;credit&quot;:&quot;&quot;,&quot;camera&quot;:&quot;&quot;,&quot;caption&quot;:&quot;&quot;,&quot;created_timestamp&quot;:&quot;0&quot;,&quot;copyright&quot;:&quot;&quot;,&quot;focal_length&quot;:&quot;0&quot;,&quot;iso&quot;:&quot;0&quot;,&quot;shutter_speed&quot;:&quot;0&quot;,&quot;title&quot;:&quot;&quot;,&quot;orientation&quot;:&quot;0&quot;}\" data-image-title=\"grafik_pdf\" data-image-description=\"\" data-image-caption=\"\" data-large-file=\"https:\/\/i0.wp.com\/www.tuseichholzremmighausen.de\/wordpress\/wp-content\/uploads\/2011\/03\/grafik_pdf.gif?fit=32%2C32&amp;ssl=1\" class=\"alignnone size-full wp-image-1545\" title=\"grafik_pdf\" src=\"https:\/\/i0.wp.com\/www.tuseichholzremmighausen.de\/wordpress\/wp-content\/uploads\/2011\/03\/grafik_pdf.gif?resize=28%2C28&#038;ssl=1\" alt=\"PDF Symbol\" width=\"28\" height=\"28\" \/><\/a>\n<p><figure id=\"attachment_1630\" aria-describedby=\"caption-attachment-1630\" style=\"width: 161px\" class=\"wp-caption alignnone\"><a href=\"https:\/\/i0.wp.com\/www.tuseichholzremmighausen.de\/wordpress\/wp-content\/uploads\/2011\/03\/tus_historisch_1990_75jahre.jpg?ssl=1\"><img data-recalc-dims=\"1\" loading=\"lazy\" decoding=\"async\" data-attachment-id=\"1630\" data-permalink=\"https:\/\/www.tuseichholzremmighausen.de\/wordpress\/historische-fotos\/tus_historisch_1990_75jahre\" data-orig-file=\"https:\/\/i0.wp.com\/www.tuseichholzremmighausen.de\/wordpress\/wp-content\/uploads\/2011\/03\/tus_historisch_1990_75jahre.jpg?fit=161%2C240&amp;ssl=1\" data-orig-size=\"161,240\" data-comments-opened=\"1\" data-image-meta=\"{&quot;aperture&quot;:&quot;0&quot;,&quot;credit&quot;:&quot;&quot;,&quot;camera&quot;:&quot;&quot;,&quot;caption&quot;:&quot;&quot;,&quot;created_timestamp&quot;:&quot;0&quot;,&quot;copyright&quot;:&quot;&quot;,&quot;focal_length&quot;:&quot;0&quot;,&quot;iso&quot;:&quot;0&quot;,&quot;shutter_speed&quot;:&quot;0&quot;,&quot;title&quot;:&quot;&quot;,&quot;orientation&quot;:&quot;0&quot;}\" data-image-title=\"tus_historisch_1990_75jahre\" data-image-description=\"\" data-image-caption=\"&lt;p&gt;Festschrift&lt;\/p&gt;\n\" data-large-file=\"https:\/\/i0.wp.com\/www.tuseichholzremmighausen.de\/wordpress\/wp-content\/uploads\/2011\/03\/tus_historisch_1990_75jahre.jpg?fit=161%2C240&amp;ssl=1\" class=\"size-full wp-image-1630\" title=\"tus_historisch_1990_75jahre\" src=\"https:\/\/i0.wp.com\/www.tuseichholzremmighausen.de\/wordpress\/wp-content\/uploads\/2011\/03\/tus_historisch_1990_75jahre.jpg?resize=161%2C240&#038;ssl=1\" alt=\"75 Jahre TuS Eichholz-Remmighausen\" width=\"161\" height=\"240\" \/><\/a><figcaption id=\"caption-attachment-1630\" class=\"wp-caption-text\">Festschrift<\/figcaption><\/figure><\/li>\n<li><strong>1987<\/strong>: Jahresabschluss der Turner\n<figure id=\"attachment_3524\" aria-describedby=\"caption-attachment-3524\" style=\"width: 600px\" class=\"wp-caption alignleft\"><a href=\"https:\/\/i0.wp.com\/www.tuseichholzremmighausen.de\/wordpress\/wp-content\/uploads\/2012\/03\/chronik_turnen_87_1_abschluss.jpg?ssl=1\"><img data-recalc-dims=\"1\" loading=\"lazy\" decoding=\"async\" data-attachment-id=\"3524\" data-permalink=\"https:\/\/www.tuseichholzremmighausen.de\/wordpress\/historische-fotos\/1986-1995\/chronik_turnen_87_1_abschluss\" data-orig-file=\"https:\/\/i0.wp.com\/www.tuseichholzremmighausen.de\/wordpress\/wp-content\/uploads\/2012\/03\/chronik_turnen_87_1_abschluss.jpg?fit=600%2C399&amp;ssl=1\" data-orig-size=\"600,399\" data-comments-opened=\"1\" data-image-meta=\"{&quot;aperture&quot;:&quot;0&quot;,&quot;credit&quot;:&quot;&quot;,&quot;camera&quot;:&quot;&quot;,&quot;caption&quot;:&quot;&quot;,&quot;created_timestamp&quot;:&quot;0&quot;,&quot;copyright&quot;:&quot;&quot;,&quot;focal_length&quot;:&quot;0&quot;,&quot;iso&quot;:&quot;0&quot;,&quot;shutter_speed&quot;:&quot;0&quot;,&quot;title&quot;:&quot;&quot;,&quot;orientation&quot;:&quot;1&quot;}\" data-image-title=\"chronik_turnen_87_1_abschluss\" data-image-description=\"\" data-image-caption=\"&lt;p&gt;Im Partykeller&lt;\/p&gt;\n\" data-large-file=\"https:\/\/i0.wp.com\/www.tuseichholzremmighausen.de\/wordpress\/wp-content\/uploads\/2012\/03\/chronik_turnen_87_1_abschluss.jpg?fit=600%2C399&amp;ssl=1\" class=\"size-full wp-image-3524\" title=\"chronik_turnen_87_1_abschluss\" src=\"https:\/\/i0.wp.com\/www.tuseichholzremmighausen.de\/wordpress\/wp-content\/uploads\/2012\/03\/chronik_turnen_87_1_abschluss.jpg?resize=600%2C399&#038;ssl=1\" alt=\"Im Partykeller\" width=\"600\" height=\"399\" srcset=\"https:\/\/i0.wp.com\/www.tuseichholzremmighausen.de\/wordpress\/wp-content\/uploads\/2012\/03\/chronik_turnen_87_1_abschluss.jpg?w=600&amp;ssl=1 600w, https:\/\/i0.wp.com\/www.tuseichholzremmighausen.de\/wordpress\/wp-content\/uploads\/2012\/03\/chronik_turnen_87_1_abschluss.jpg?resize=300%2C199&amp;ssl=1 300w\" sizes=\"auto, (max-width: 600px) 100vw, 600px\" \/><\/a><figcaption id=\"caption-attachment-3524\" class=\"wp-caption-text\">Im Partykeller<\/figcaption><\/figure>\n<figure id=\"attachment_3525\" aria-describedby=\"caption-attachment-3525\" style=\"width: 600px\" class=\"wp-caption alignleft\"><a href=\"https:\/\/i0.wp.com\/www.tuseichholzremmighausen.de\/wordpress\/wp-content\/uploads\/2012\/03\/chronik_turnen_87_2_abschluss.jpg?ssl=1\"><img data-recalc-dims=\"1\" loading=\"lazy\" decoding=\"async\" data-attachment-id=\"3525\" data-permalink=\"https:\/\/www.tuseichholzremmighausen.de\/wordpress\/historische-fotos\/1986-1995\/chronik_turnen_87_2_abschluss\" data-orig-file=\"https:\/\/i0.wp.com\/www.tuseichholzremmighausen.de\/wordpress\/wp-content\/uploads\/2012\/03\/chronik_turnen_87_2_abschluss.jpg?fit=600%2C400&amp;ssl=1\" data-orig-size=\"600,400\" data-comments-opened=\"1\" data-image-meta=\"{&quot;aperture&quot;:&quot;0&quot;,&quot;credit&quot;:&quot;&quot;,&quot;camera&quot;:&quot;&quot;,&quot;caption&quot;:&quot;&quot;,&quot;created_timestamp&quot;:&quot;0&quot;,&quot;copyright&quot;:&quot;&quot;,&quot;focal_length&quot;:&quot;0&quot;,&quot;iso&quot;:&quot;0&quot;,&quot;shutter_speed&quot;:&quot;0&quot;,&quot;title&quot;:&quot;&quot;,&quot;orientation&quot;:&quot;1&quot;}\" data-image-title=\"chronik_turnen_87_2_abschluss\" data-image-description=\"\" data-image-caption=\"&lt;p&gt;Im Partykeller&lt;\/p&gt;\n\" data-large-file=\"https:\/\/i0.wp.com\/www.tuseichholzremmighausen.de\/wordpress\/wp-content\/uploads\/2012\/03\/chronik_turnen_87_2_abschluss.jpg?fit=600%2C400&amp;ssl=1\" class=\"size-full wp-image-3525\" title=\"chronik_turnen_87_2_abschluss\" src=\"https:\/\/i0.wp.com\/www.tuseichholzremmighausen.de\/wordpress\/wp-content\/uploads\/2012\/03\/chronik_turnen_87_2_abschluss.jpg?resize=600%2C400&#038;ssl=1\" alt=\"Im Partykeller\" width=\"600\" height=\"400\" srcset=\"https:\/\/i0.wp.com\/www.tuseichholzremmighausen.de\/wordpress\/wp-content\/uploads\/2012\/03\/chronik_turnen_87_2_abschluss.jpg?w=600&amp;ssl=1 600w, https:\/\/i0.wp.com\/www.tuseichholzremmighausen.de\/wordpress\/wp-content\/uploads\/2012\/03\/chronik_turnen_87_2_abschluss.jpg?resize=300%2C200&amp;ssl=1 300w\" sizes=\"auto, (max-width: 600px) 100vw, 600px\" \/><\/a><figcaption id=\"caption-attachment-3525\" class=\"wp-caption-text\">Im Partykeller<\/figcaption><\/figure>\n<p>&nbsp;<\/li>\n<li><strong>21.10.1988<\/strong><br \/>\nWerbespiel anl\u00e4\u00dflich des 30j\u00e4hrigen Bestehens der TT-Abteilung<\/p>\n<figure id=\"attachment_1671\" aria-describedby=\"caption-attachment-1671\" style=\"width: 400px\" class=\"wp-caption alignnone\"><a href=\"https:\/\/i0.wp.com\/www.tuseichholzremmighausen.de\/wordpress\/wp-content\/uploads\/2011\/02\/tus_historisch_881021.jpg?ssl=1\"><img data-recalc-dims=\"1\" loading=\"lazy\" decoding=\"async\" data-attachment-id=\"1671\" data-permalink=\"https:\/\/www.tuseichholzremmighausen.de\/wordpress\/historische-fotos\/tus_historisch_881021\" data-orig-file=\"https:\/\/i0.wp.com\/www.tuseichholzremmighausen.de\/wordpress\/wp-content\/uploads\/2011\/02\/tus_historisch_881021.jpg?fit=400%2C266&amp;ssl=1\" data-orig-size=\"400,266\" data-comments-opened=\"1\" data-image-meta=\"{&quot;aperture&quot;:&quot;0&quot;,&quot;credit&quot;:&quot;&quot;,&quot;camera&quot;:&quot;&quot;,&quot;caption&quot;:&quot;LEAD Technologies Inc. V1.01&quot;,&quot;created_timestamp&quot;:&quot;0&quot;,&quot;copyright&quot;:&quot;&quot;,&quot;focal_length&quot;:&quot;0&quot;,&quot;iso&quot;:&quot;0&quot;,&quot;shutter_speed&quot;:&quot;0&quot;,&quot;title&quot;:&quot;&quot;,&quot;orientation&quot;:&quot;1&quot;}\" data-image-title=\"tus_historisch_881021\" data-image-description=\"\" data-image-caption=\"&lt;p&gt;SpVg Steinhagen &amp;#8211; Nigeria &lt;\/p&gt;\n\" data-large-file=\"https:\/\/i0.wp.com\/www.tuseichholzremmighausen.de\/wordpress\/wp-content\/uploads\/2011\/02\/tus_historisch_881021.jpg?fit=400%2C266&amp;ssl=1\" class=\" wp-image-1671\" title=\"tus_historisch_881021\" src=\"https:\/\/i0.wp.com\/www.tuseichholzremmighausen.de\/wordpress\/wp-content\/uploads\/2011\/02\/tus_historisch_881021.jpg?resize=400%2C266&#038;ssl=1\" alt=\"Werbespiel TT 30j\u00e4hriges Bestehen\" width=\"400\" height=\"266\" srcset=\"https:\/\/i0.wp.com\/www.tuseichholzremmighausen.de\/wordpress\/wp-content\/uploads\/2011\/02\/tus_historisch_881021.jpg?w=400&amp;ssl=1 400w, https:\/\/i0.wp.com\/www.tuseichholzremmighausen.de\/wordpress\/wp-content\/uploads\/2011\/02\/tus_historisch_881021.jpg?resize=300%2C199&amp;ssl=1 300w\" sizes=\"auto, (max-width: 400px) 100vw, 400px\" \/><\/a><figcaption id=\"caption-attachment-1671\" class=\"wp-caption-text\">SpVg Steinhagen &#8211; Nigeria<\/figcaption><\/figure>\n<p>Auf dem Bild unter anderem die TT-Abteilungsf\u00fchrung, Manager Lamm vom Bundesligisten Steinhagen, LuQiWei (Vizeweltmeister mit China) und Klein (internationaler Meister von England).<\/li>\n<li><strong>1990<\/strong>: Jahresabschluss der Turner\n<p><figure id=\"attachment_3523\" aria-describedby=\"caption-attachment-3523\" style=\"width: 600px\" class=\"wp-caption alignleft\"><a href=\"https:\/\/i0.wp.com\/www.tuseichholzremmighausen.de\/wordpress\/wp-content\/uploads\/2012\/03\/chronik_turnen_90_2_abschluss.jpg?ssl=1\"><img data-recalc-dims=\"1\" loading=\"lazy\" decoding=\"async\" data-attachment-id=\"3523\" data-permalink=\"https:\/\/www.tuseichholzremmighausen.de\/wordpress\/historische-fotos\/1986-1995\/chronik_turnen_90_2_abschluss\" data-orig-file=\"https:\/\/i0.wp.com\/www.tuseichholzremmighausen.de\/wordpress\/wp-content\/uploads\/2012\/03\/chronik_turnen_90_2_abschluss.jpg?fit=600%2C399&amp;ssl=1\" data-orig-size=\"600,399\" data-comments-opened=\"1\" data-image-meta=\"{&quot;aperture&quot;:&quot;0&quot;,&quot;credit&quot;:&quot;&quot;,&quot;camera&quot;:&quot;&quot;,&quot;caption&quot;:&quot;&quot;,&quot;created_timestamp&quot;:&quot;0&quot;,&quot;copyright&quot;:&quot;&quot;,&quot;focal_length&quot;:&quot;0&quot;,&quot;iso&quot;:&quot;0&quot;,&quot;shutter_speed&quot;:&quot;0&quot;,&quot;title&quot;:&quot;&quot;,&quot;orientation&quot;:&quot;1&quot;}\" data-image-title=\"chronik_turnen_90_2_abschluss\" data-image-description=\"\" data-image-caption=\"&lt;p&gt;Abschlussfeier&lt;\/p&gt;\n\" data-large-file=\"https:\/\/i0.wp.com\/www.tuseichholzremmighausen.de\/wordpress\/wp-content\/uploads\/2012\/03\/chronik_turnen_90_2_abschluss.jpg?fit=600%2C399&amp;ssl=1\" class=\"size-full wp-image-3523\" title=\"chronik_turnen_90_2_abschluss\" src=\"https:\/\/i0.wp.com\/www.tuseichholzremmighausen.de\/wordpress\/wp-content\/uploads\/2012\/03\/chronik_turnen_90_2_abschluss.jpg?resize=600%2C399&#038;ssl=1\" alt=\"Abschlussfeier\" width=\"600\" height=\"399\" srcset=\"https:\/\/i0.wp.com\/www.tuseichholzremmighausen.de\/wordpress\/wp-content\/uploads\/2012\/03\/chronik_turnen_90_2_abschluss.jpg?w=600&amp;ssl=1 600w, https:\/\/i0.wp.com\/www.tuseichholzremmighausen.de\/wordpress\/wp-content\/uploads\/2012\/03\/chronik_turnen_90_2_abschluss.jpg?resize=300%2C199&amp;ssl=1 300w\" sizes=\"auto, (max-width: 600px) 100vw, 600px\" \/><\/a><figcaption id=\"caption-attachment-3523\" class=\"wp-caption-text\">Abschlussfeier<\/figcaption><\/figure><\/li>\n<li><strong>1992<\/strong>: Stadtmeister der AH\n<figure id=\"attachment_3526\" aria-describedby=\"caption-attachment-3526\" style=\"width: 600px\" class=\"wp-caption alignleft\"><a href=\"https:\/\/i0.wp.com\/www.tuseichholzremmighausen.de\/wordpress\/wp-content\/uploads\/2012\/03\/chronik_fb_92_ah_stadtmeister.jpg?ssl=1\"><img data-recalc-dims=\"1\" loading=\"lazy\" decoding=\"async\" data-attachment-id=\"3526\" data-permalink=\"https:\/\/www.tuseichholzremmighausen.de\/wordpress\/historische-fotos\/1986-1995\/chronik_fb_92_ah_stadtmeister\" data-orig-file=\"https:\/\/i0.wp.com\/www.tuseichholzremmighausen.de\/wordpress\/wp-content\/uploads\/2012\/03\/chronik_fb_92_ah_stadtmeister.jpg?fit=600%2C404&amp;ssl=1\" data-orig-size=\"600,404\" data-comments-opened=\"1\" data-image-meta=\"{&quot;aperture&quot;:&quot;0&quot;,&quot;credit&quot;:&quot;&quot;,&quot;camera&quot;:&quot;&quot;,&quot;caption&quot;:&quot;&quot;,&quot;created_timestamp&quot;:&quot;0&quot;,&quot;copyright&quot;:&quot;&quot;,&quot;focal_length&quot;:&quot;0&quot;,&quot;iso&quot;:&quot;0&quot;,&quot;shutter_speed&quot;:&quot;0&quot;,&quot;title&quot;:&quot;&quot;,&quot;orientation&quot;:&quot;1&quot;}\" data-image-title=\"chronik_fb_92_ah_stadtmeister\" data-image-description=\"\" data-image-caption=\"&lt;p&gt;Alten Herren \u00fc40 &lt;\/p&gt;\n\" data-large-file=\"https:\/\/i0.wp.com\/www.tuseichholzremmighausen.de\/wordpress\/wp-content\/uploads\/2012\/03\/chronik_fb_92_ah_stadtmeister.jpg?fit=600%2C404&amp;ssl=1\" class=\"size-full wp-image-3526\" title=\"chronik_fb_92_ah_stadtmeister\" src=\"https:\/\/i0.wp.com\/www.tuseichholzremmighausen.de\/wordpress\/wp-content\/uploads\/2012\/03\/chronik_fb_92_ah_stadtmeister.jpg?resize=600%2C404&#038;ssl=1\" alt=\"Alten Herren \u00fc40 \" width=\"600\" height=\"404\" srcset=\"https:\/\/i0.wp.com\/www.tuseichholzremmighausen.de\/wordpress\/wp-content\/uploads\/2012\/03\/chronik_fb_92_ah_stadtmeister.jpg?w=600&amp;ssl=1 600w, https:\/\/i0.wp.com\/www.tuseichholzremmighausen.de\/wordpress\/wp-content\/uploads\/2012\/03\/chronik_fb_92_ah_stadtmeister.jpg?resize=300%2C202&amp;ssl=1 300w\" sizes=\"auto, (max-width: 600px) 100vw, 600px\" \/><\/a><figcaption id=\"caption-attachment-3526\" class=\"wp-caption-text\">Alten Herren \u00fc40<\/figcaption><\/figure>\n<p>v.l.n.r.: H. Husemann, W. Matzke, u.Schulz, H. Kampe, H.Gillich, S. Wieneke, W. Haupt, R. Kucheuser, R. Lukas und H. Lukas<\/li>\n<\/ul>\n<\/ul>\n","protected":false},"excerpt":{"rendered":"<p>1986: Turngruppe &nbsp; 1987: 75 Jahre TuS Eichholz-Remmighausen 1987: Jahresabschluss der Turner &nbsp; 21.10.1988 Werbespiel anl\u00e4\u00dflich des 30j\u00e4hrigen Bestehens der<\/p>\n","protected":false},"author":2,"featured_media":0,"parent":128,"menu_order":0,"comment_status":"closed","ping_status":"closed","template":"","meta":{"colormag_page_container_layout":"default_layout","colormag_page_sidebar_layout":"default_layout","footnotes":""},"class_list":["post-3478","page","type-page","status-publish","hentry"],"jetpack_sharing_enabled":true,"_links":{"self":[{"href":"https:\/\/www.tuseichholzremmighausen.de\/wordpress\/wp-json\/wp\/v2\/pages\/3478","targetHints":{"allow":["GET"]}}],"collection":[{"href":"https:\/\/www.tuseichholzremmighausen.de\/wordpress\/wp-json\/wp\/v2\/pages"}],"about":[{"href":"https:\/\/www.tuseichholzremmighausen.de\/wordpress\/wp-json\/wp\/v2\/types\/page"}],"author":[{"embeddable":true,"href":"https:\/\/www.tuseichholzremmighausen.de\/wordpress\/wp-json\/wp\/v2\/users\/2"}],"replies":[{"embeddable":true,"href":"https:\/\/www.tuseichholzremmighausen.de\/wordpress\/wp-json\/wp\/v2\/comments?post=3478"}],"version-history":[{"count":0,"href":"https:\/\/www.tuseichholzremmighausen.de\/wordpress\/wp-json\/wp\/v2\/pages\/3478\/revisions"}],"up":[{"embeddable":true,"href":"https:\/\/www.tuseichholzremmighausen.de\/wordpress\/wp-json\/wp\/v2\/pages\/128"}],"wp:attachment":[{"href":"https:\/\/www.tuseichholzremmighausen.de\/wordpress\/wp-json\/wp\/v2\/media?parent=3478"}],"curies":[{"name":"wp","href":"https:\/\/api.w.org\/{rel}","templated":true}]}}