{"id":4,"date":"2011-02-21T17:38:24","date_gmt":"2011-02-21T16:38:24","guid":{"rendered":"http:\/\/www.tuseichholzremmighausen.de"},"modified":"2025-01-02T13:36:19","modified_gmt":"2025-01-02T12:36:19","slug":"fusball","status":"publish","type":"page","link":"https:\/\/www.tuseichholzremmighausen.de\/wordpress\/fusball","title":{"rendered":"Fussball"},"content":{"rendered":"<p>Durchg\u00e4ngig von den Minikickern, \u00fcber die Jugend bis zu den Alte Herren kann man bei uns den Fu\u00dfballsport in allen Altersklassen aus\u00fcben. Auch M\u00e4dchen- und Frauenfu\u00dfball wird bis zum Seniorenbereich angeboten. Trainiert werden die Mannschaften durch qualifizierte Trainer. Trainiert und gespielt wird auf dem Kunstrasenplatz in Remmighausen und in der Sporthalle in Remmighausen oder Eichholz. Einzelheiten wie Trainingszeiten und Ansprechpartner erf\u00e4hrst Du auch, indem Du die Dich betreffende Mannschaft im Men\u00fc anklickst.<\/p>\n<p><h4>Leitung Abteilung Fussball<\/h4><br \/><strong>Leitung Abteilung Fu\u00dfball:<\/strong><br \/><strong>Andreas Suermann<\/strong> <i class=\"easypromoweb-icon-mail-5\"><\/i> <a href=\"mailto:ansu@tus-er.de\">ansu@tus-er.de<\/a><br \/><br \/><strong>Stellvertretender Leiter Abteilung Fu\u00dfball:<\/strong><br \/><strong>Mohamed Ali Ben Ayed<\/strong> <i class=\"easypromoweb-icon-mail-5\"><\/i> <a href=\"mailto:mba@tus-er.de\">mba@tus-er.de<\/a><br \/><br \/>\n<h4>Fussballobmann<\/h4><br \/><strong>Fu\u00dfballobmann:<\/strong><br \/><strong>Mikail Demir<\/strong> <i class=\"easypromoweb-icon-mail-5\"><\/i> <a href=\"mailto:md@tus-er.de\">md@tus-er.de<\/a><br \/><br \/><strong>Stellvertretender Fu\u00dfballobmann:<\/strong><br \/><strong>Naroz \u00d6zmen<\/strong> <i class=\"easypromoweb-icon-mail-5\"><\/i> <a href=\"mailto:noe@tus-er.de\">noe@tus-er.de<\/a><br \/><br \/>\n<h4>Jugendobmann*in<\/h4><br \/><strong>Jugendobmann:<\/strong><br \/>(Nicht besetzt) <strong><\/strong> <br \/><br \/><strong>Stellvertretende Jugendobmann*in:<\/strong><br \/>(Nicht besetzt) <strong><\/strong> <br \/><br \/>\n<h4>Sponsoring<\/h4><br \/><strong>Sponsoring:<\/strong><br \/>(Nicht besetzt) <strong><\/strong> <i class=\"easypromoweb-icon-mail-5\"><\/i> <a href=\"mailto:vorstand@tus-er.de\">vorstand@tus-er.de<\/a><br \/><br \/>\n<h4>Jugendvertreter Fussball<\/h4><br \/><strong>Jugendvertreter Fu\u00dfball:<\/strong><br \/><strong>Leon Lukas<\/strong> <br \/><\/p>\n<p>gemeinsame Emailadresse:<i class=\"easypromoweb-icon-mail-5\"> <span style=\"color: #3366ff;\">fussball@tuseichholzremmighausen.de<\/span><\/i><\/p>\n<p>&nbsp;<\/p>\n<p><strong>Die Alten Herren in der Fu\u00dfballabteilung<\/strong><\/p>\n<p>Die Alten Herren im TuS gibt es jetzt bereits seit \u00fcber 40 Jahren. Interessierte M\u00e4nner spielen bei uns nach der aktiven Zeit weiterhin Fu\u00dfball, insgesamt z\u00e4hlen die Alten Herren etwa 75 Mitglieder! Wettkampf in Form von Freundschaftsspielen und Turnieren auf dem Feld f\u00fcr die j\u00fcngeren Alten Herren (\u00fc32\/\u00fc40) und haupts\u00e4chlich Turniersport auf dem Kleinfeld f\u00fcr die Altersgruppe \u00fc50 stehen auf dem Programm, Mittwochs ist Trainingsabend. Die \u00fc50\/\u00fc60 sind eine Breitensportgruppe und spielen haupts\u00e4chlich Fu\u00dfballtennis, im Sommer kommen Fahrradtouren hinzu. Allen 75 Mitgliedern ist aber vor allem das Feiern nicht fremd, so wird u.a. allj\u00e4hrlich das Alte Herren Sportfest ausgerichtet.<\/p>\n<h4>Altherrenobmann<\/h4><br \/><strong>Altherrenobmann:<\/strong><br \/><strong>Olaf Kligge<\/strong> <i class=\"easypromoweb-icon-mail-5\"><\/i> <a href=\"mailto:alteherren@tuseichholzremmighausen.de\">alteherren@tuseichholzremmighausen.de<\/a><br \/><br \/><strong>Stellvertretender Altherrenobmann:<\/strong><br \/><strong>Sven Albrecht<\/strong> <i class=\"easypromoweb-icon-mail-5\"><\/i> <a href=\"mailto:alteherren@tuseichholzremmighausen.de\">alteherren@tuseichholzremmighausen.de<\/a><br \/><br \/><strong>Altherren Beisitzer:<\/strong><br \/><strong>Jens Goniwiecha<\/strong> <i class=\"easypromoweb-icon-mail-5\"><\/i> <a href=\"mailto:alteherren@tuseichholzremmighausen.de\">alteherren@tuseichholzremmighausen.de<\/a><br \/>\n","protected":false},"excerpt":{"rendered":"<p>Durchg\u00e4ngig von den Minikickern, \u00fcber die Jugend bis zu den Alte Herren kann man bei uns den Fu\u00dfballsport in allen<\/p>\n","protected":false},"author":2,"featured_media":0,"parent":0,"menu_order":0,"comment_status":"closed","ping_status":"open","template":"","meta":{"colormag_page_container_layout":"default_layout","colormag_page_sidebar_layout":"default_layout","footnotes":""},"class_list":["post-4","page","type-page","status-publish","hentry"],"jetpack_sharing_enabled":true,"_links":{"self":[{"href":"https:\/\/www.tuseichholzremmighausen.de\/wordpress\/wp-json\/wp\/v2\/pages\/4","targetHints":{"allow":["GET"]}}],"collection":[{"href":"https:\/\/www.tuseichholzremmighausen.de\/wordpress\/wp-json\/wp\/v2\/pages"}],"about":[{"href":"https:\/\/www.tuseichholzremmighausen.de\/wordpress\/wp-json\/wp\/v2\/types\/page"}],"author":[{"embeddable":true,"href":"https:\/\/www.tuseichholzremmighausen.de\/wordpress\/wp-json\/wp\/v2\/users\/2"}],"replies":[{"embeddable":true,"href":"https:\/\/www.tuseichholzremmighausen.de\/wordpress\/wp-json\/wp\/v2\/comments?post=4"}],"version-history":[{"count":0,"href":"https:\/\/www.tuseichholzremmighausen.de\/wordpress\/wp-json\/wp\/v2\/pages\/4\/revisions"}],"wp:attachment":[{"href":"https:\/\/www.tuseichholzremmighausen.de\/wordpress\/wp-json\/wp\/v2\/media?parent=4"}],"curies":[{"name":"wp","href":"https:\/\/api.w.org\/{rel}","templated":true}]}}