{"id":8250,"date":"2016-01-12T11:40:01","date_gmt":"2016-01-12T10:40:01","guid":{"rendered":"http:\/\/www.tuseichholzremmighausen.de\/wordpress\/?page_id=8250"},"modified":"2025-08-04T10:12:36","modified_gmt":"2025-08-04T08:12:36","slug":"fussballjugend","status":"publish","type":"page","link":"https:\/\/www.tuseichholzremmighausen.de\/wordpress\/fussballjugend","title":{"rendered":"Fussballjunioren"},"content":{"rendered":"<p>Durchg\u00e4ngig in allen Jahrg\u00e4ngen der Fu\u00dfballjunioren hat der TuS eigenst\u00e4ndige Mannschaften f\u00fcr den Spielbetrieb gemeldet. Gleiches gilt mehr und mehr auch f\u00fcr die Juniorinnen. Trainiert werden alle Mannschaften durch qualifizierte Trainer.<\/p>\n<p><h4>Jugendobmann*in<\/h4><br \/><strong>Jugendobmann:<\/strong><br \/><strong>Marlon Julian Keller<\/strong> <i class=\"easypromoweb-icon-mobile-3\"><\/i> +49 174 3259284 <i class=\"easypromoweb-icon-mail-5\"><\/i> <a href=\"mailto:mjk@tus-er.de\">mjk@tus-er.de<\/a><br \/><br \/><strong>Stellvertretende Jugendobfrau:<\/strong><br \/><strong>Franziska-Marie Kronshage<\/strong> <i class=\"easypromoweb-icon-mobile-3\"><\/i> +49 1577 7623618 <i class=\"easypromoweb-icon-mail-5\"><\/i> <a href=\"mailto:fmk@tus-er.de\">fmk@tus-er.de<\/a><br \/><br \/>\n<h4>Jugendvertreter Fussball<\/h4><br \/><strong>Jugendvertreter Fu\u00dfball:<\/strong><br \/><strong>Fabrice James Rzehanek<\/strong> <br \/><br \/><strong>Jugendvertreterin Fu\u00dfball:<\/strong><br \/><strong>Maicie Harris<\/strong> <br \/><\/p>\n<hr \/>\n<p>Einteilung der Altersklassen und Jahrg\u00e4nge<b><\/b><\/p>\n<p><b>Spieljahr 24\/25:<\/b><\/p>\n<p><b>Minis \/ G-Jugend<\/b>: Jahrgang 01.01.2018 &#8211; und j\u00fcnger<br \/>\n<b>F-Jugend: u9 &#8211; <\/b> Jahrgang 01.01.2016 &#8211; 31.12.2017<br \/>\n<b>E-Jugend: u11 &#8211; <\/b> Jahrgang 01.01.2014 &#8211; 31.12.2015<br \/>\n<b>D-Jugend: u13 &#8211; <\/b> Jahrgang 01.01.2012 &#8211; 31.12.2013<br \/>\n<b>C-Jugend: u15 &#8211; <\/b> Jahrgang 01.01.2010 &#8211; 31.12.2011<br \/>\n<b>B-Jugend &#8211; Juniorinnen: u17 &#8211; <\/b> Jahrgang 01.01.2008 &#8211; 31.12.2009<br \/>\n<b>A-Jugend: u19 &#8211; <\/b> Jahrgang 01.01.2006- 31.12.2007<\/p>\n<p>&nbsp;<\/p>\n<p><b>Spieljahr 25\/26:<\/b><\/p>\n<p><b>Minis \/ G-Jugend<\/b>: Jahrgang 01.01.2019 &#8211; und j\u00fcnger<br \/>\n<b>F-Jugend: u9 &#8211; <\/b> Jahrgang 01.01.2017 &#8211; 31.12.2018<br \/>\n<b>E-Jugend: u11 &#8211; <\/b> Jahrgang 01.01.2015 &#8211; 31.12.2016<br \/>\n<b>D-Jugend: u13 &#8211; <\/b> Jahrgang 01.01.2013 &#8211; 31.12.2014<br \/>\n<b>C-Jugend: u15 &#8211; <\/b> Jahrgang 01.01.2011 &#8211; 31.12.2012<br \/>\n<b>B-Jugend &#8211; Juniorinnen: u17 &#8211; <\/b> Jahrgang 01.01.2009 &#8211; 31.12.2010<br \/>\n<b>A-Jugend: u19 &#8211; <\/b> Jahrgang 01.01.2007- 31.12.2008<\/p>\n","protected":false},"excerpt":{"rendered":"<p>Durchg\u00e4ngig in allen Jahrg\u00e4ngen der Fu\u00dfballjunioren hat der TuS eigenst\u00e4ndige Mannschaften f\u00fcr den Spielbetrieb gemeldet. Gleiches gilt mehr und mehr<\/p>\n","protected":false},"author":2,"featured_media":0,"parent":0,"menu_order":0,"comment_status":"closed","ping_status":"closed","template":"","meta":{"colormag_page_container_layout":"default_layout","colormag_page_sidebar_layout":"default_layout","footnotes":""},"class_list":["post-8250","page","type-page","status-publish","hentry"],"jetpack_sharing_enabled":true,"_links":{"self":[{"href":"https:\/\/www.tuseichholzremmighausen.de\/wordpress\/wp-json\/wp\/v2\/pages\/8250","targetHints":{"allow":["GET"]}}],"collection":[{"href":"https:\/\/www.tuseichholzremmighausen.de\/wordpress\/wp-json\/wp\/v2\/pages"}],"about":[{"href":"https:\/\/www.tuseichholzremmighausen.de\/wordpress\/wp-json\/wp\/v2\/types\/page"}],"author":[{"embeddable":true,"href":"https:\/\/www.tuseichholzremmighausen.de\/wordpress\/wp-json\/wp\/v2\/users\/2"}],"replies":[{"embeddable":true,"href":"https:\/\/www.tuseichholzremmighausen.de\/wordpress\/wp-json\/wp\/v2\/comments?post=8250"}],"version-history":[{"count":0,"href":"https:\/\/www.tuseichholzremmighausen.de\/wordpress\/wp-json\/wp\/v2\/pages\/8250\/revisions"}],"wp:attachment":[{"href":"https:\/\/www.tuseichholzremmighausen.de\/wordpress\/wp-json\/wp\/v2\/media?parent=8250"}],"curies":[{"name":"wp","href":"https:\/\/api.w.org\/{rel}","templated":true}]}}